{"id":150,"date":"2020-03-29T14:35:48","date_gmt":"2020-03-29T12:35:48","guid":{"rendered":"http:\/\/www.bergfuehrer-wipptal.at\/?page_id=150"},"modified":"2025-08-01T17:40:40","modified_gmt":"2025-08-01T15:40:40","slug":"kontakt","status":"publish","type":"page","link":"https:\/\/www.bergfuehrer-wipptal.at\/en\/kontakt\/","title":{"rendered":"Contact"},"content":{"rendered":"<div data-elementor-type=\"wp-page\" data-elementor-id=\"150\" class=\"elementor elementor-150\">\n\t\t\t\t\t\t<section class=\"elementor-section elementor-top-section elementor-element elementor-element-aa40130 elementor-section-full_width elementor-section-height-default elementor-section-height-default\" data-id=\"aa40130\" data-element_type=\"section\" data-e-type=\"section\">\n\t\t\t\t\t\t<div class=\"elementor-container elementor-column-gap-default\">\n\t\t\t\t\t<div class=\"elementor-column elementor-col-100 elementor-top-column elementor-element elementor-element-c2ba8b0\" data-id=\"c2ba8b0\" data-element_type=\"column\" data-e-type=\"column\">\n\t\t\t<div class=\"elementor-widget-wrap elementor-element-populated\">\n\t\t\t\t\t\t<div class=\"elementor-element elementor-element-102a113 elementor-widget elementor-widget-image\" data-id=\"102a113\" data-element_type=\"widget\" data-e-type=\"widget\" data-widget_type=\"image.default\">\n\t\t\t\t<div class=\"elementor-widget-container\">\n\t\t\t\t\t\t\t\t\t\t\t\t\t\t\t<img fetchpriority=\"high\" decoding=\"async\" width=\"1920\" height=\"275\" src=\"https:\/\/www.bergfuehrer-wipptal.at\/wp-content\/uploads\/2020\/04\/page_top_n.jpg\" class=\"attachment-full size-full wp-image-1312\" alt=\"Bergf\u00fchrer Wipptal Tirol\" srcset=\"https:\/\/www.bergfuehrer-wipptal.at\/wp-content\/uploads\/2020\/04\/page_top_n.jpg 1920w, https:\/\/www.bergfuehrer-wipptal.at\/wp-content\/uploads\/2020\/04\/page_top_n-300x43.jpg 300w, https:\/\/www.bergfuehrer-wipptal.at\/wp-content\/uploads\/2020\/04\/page_top_n-1024x147.jpg 1024w, https:\/\/www.bergfuehrer-wipptal.at\/wp-content\/uploads\/2020\/04\/page_top_n-768x110.jpg 768w, https:\/\/www.bergfuehrer-wipptal.at\/wp-content\/uploads\/2020\/04\/page_top_n-1536x220.jpg 1536w, https:\/\/www.bergfuehrer-wipptal.at\/wp-content\/uploads\/2020\/04\/page_top_n-18x3.jpg 18w, https:\/\/www.bergfuehrer-wipptal.at\/wp-content\/uploads\/2020\/04\/page_top_n-20x3.jpg 20w\" sizes=\"(max-width: 1920px) 100vw, 1920px\" \/>\t\t\t\t\t\t\t\t\t\t\t\t\t\t\t<\/div>\n\t\t\t\t<\/div>\n\t\t\t\t\t<\/div>\n\t\t<\/div>\n\t\t\t\t\t<\/div>\n\t\t<\/section>\n\t\t\t\t<section class=\"elementor-section elementor-top-section elementor-element elementor-element-712483c elementor-section-boxed elementor-section-height-default elementor-section-height-default\" data-id=\"712483c\" data-element_type=\"section\" data-e-type=\"section\">\n\t\t\t\t\t\t<div class=\"elementor-container elementor-column-gap-default\">\n\t\t\t\t\t<div class=\"elementor-column elementor-col-100 elementor-top-column elementor-element elementor-element-a54ee3d\" data-id=\"a54ee3d\" data-element_type=\"column\" data-e-type=\"column\">\n\t\t\t<div class=\"elementor-widget-wrap elementor-element-populated\">\n\t\t\t\t\t\t<div class=\"elementor-element elementor-element-ff1ff93 elementor-widget elementor-widget-spacer\" data-id=\"ff1ff93\" data-element_type=\"widget\" data-e-type=\"widget\" data-widget_type=\"spacer.default\">\n\t\t\t\t<div class=\"elementor-widget-container\">\n\t\t\t\t\t\t\t<div class=\"elementor-spacer\">\n\t\t\t<div class=\"elementor-spacer-inner\"><\/div>\n\t\t<\/div>\n\t\t\t\t\t\t<\/div>\n\t\t\t\t<\/div>\n\t\t\t\t\t<\/div>\n\t\t<\/div>\n\t\t\t\t\t<\/div>\n\t\t<\/section>\n\t\t\t\t<section class=\"elementor-section elementor-top-section elementor-element elementor-element-7e9695e elementor-section-boxed elementor-section-height-default elementor-section-height-default\" data-id=\"7e9695e\" data-element_type=\"section\" data-e-type=\"section\">\n\t\t\t\t\t\t<div class=\"elementor-container elementor-column-gap-default\">\n\t\t\t\t\t<div class=\"elementor-column elementor-col-100 elementor-top-column elementor-element elementor-element-8a2a151\" data-id=\"8a2a151\" data-element_type=\"column\" data-e-type=\"column\">\n\t\t\t<div class=\"elementor-widget-wrap elementor-element-populated\">\n\t\t\t\t\t\t<div class=\"elementor-element elementor-element-001b2fc elementor-widget elementor-widget-text-editor\" data-id=\"001b2fc\" data-element_type=\"widget\" data-e-type=\"widget\" data-widget_type=\"text-editor.default\">\n\t\t\t\t<div class=\"elementor-widget-container\">\n\t\t\t\t\t\t\t\t\t<p><strong>Thomas Senfter<br \/><\/strong>IFMGA\/UIAGM International Mountain Guide<br \/>Leite 122<br \/>6154 St. Jodok am Brenner<br \/>Austria<\/p><p><a href=\"tel:+436644733231\">+43 664 47 33 231<\/a><br \/><a href=\"mailto:mail@bergfuehrer-wipptal.at\"><span style=\"color: #13aff0;\">mail@bergfuehrer-wipptal.at<\/span><\/a><strong><br \/><div  data-pre_filled=\"Nachricht an Bedingungen.Wipptal &gt;\" data-style=\"4\" style=\"display: inline; cursor: pointer; z-index: 99999999; \" class=\"ht-ctc-sc ht-ctc-sc-chat sc-style-4 ht-ctc-inline\">\n    <div class=\"ctc_chip ctc-analytics ctc_cta\" style=\"display:inline-flex;;justify-content:center;align-items:center;background-color:#49c858;color:#ffffff;padding:0 12px;border-radius:25px;font-size:13px;line-height:32px;\">\n        <span style=\"margin:0 8px 0 -12px;;order:0;\"><svg style=\"pointer-events:none; display: block; height:32px; width:32px;\" width=\"32px\" height=\"32px\" viewbox=\"0 0 1219.547 1225.016\">\n            <path style=\"fill: #E0E0E0;\" fill=\"#E0E0E0\" d=\"M1041.858 178.02C927.206 63.289 774.753.07 612.325 0 277.617 0 5.232 272.298 5.098 606.991c-.039 106.986 27.915 211.42 81.048 303.476L0 1225.016l321.898-84.406c88.689 48.368 188.547 73.855 290.166 73.896h.258.003c334.654 0 607.08-272.346 607.222-607.023.056-162.208-63.052-314.724-177.689-429.463zm-429.533 933.963h-.197c-90.578-.048-179.402-24.366-256.878-70.339l-18.438-10.93-191.021 50.083 51-186.176-12.013-19.087c-50.525-80.336-77.198-173.175-77.16-268.504.111-278.186 226.507-504.503 504.898-504.503 134.812.056 261.519 52.604 356.814 147.965 95.289 95.36 147.728 222.128 147.688 356.948-.118 278.195-226.522 504.543-504.693 504.543z\"\/>\n            <lineargradient id=\"htwaicona-chat-sc\" gradientunits=\"userSpaceOnUse\" x1=\"609.77\" y1=\"1190.114\" x2=\"609.77\" y2=\"21.084\">\n                <stop offset=\"0\" stop-color=\"#20b038\"\/>\n                <stop offset=\"1\" stop-color=\"#60d66a\"\/>\n            <\/lineargradient>\n            <path style=\"fill: url(#htwaicona-chat-sc);\" fill=\"url(#htwaicona-chat-sc)\" d=\"M27.875 1190.114l82.211-300.18c-50.719-87.852-77.391-187.523-77.359-289.602.133-319.398 260.078-579.25 579.469-579.25 155.016.07 300.508 60.398 409.898 169.891 109.414 109.492 169.633 255.031 169.57 409.812-.133 319.406-260.094 579.281-579.445 579.281-.023 0 .016 0 0 0h-.258c-96.977-.031-192.266-24.375-276.898-70.5l-307.188 80.548z\"\/>\n            <image overflow=\"visible\" opacity=\".08\" width=\"682\" height=\"639\" transform=\"translate(270.984 291.372)\"\/>\n            <path fill-rule=\"evenodd\" clip-rule=\"evenodd\" style=\"fill: #FFFFFF;\" fill=\"#FFF\" d=\"M462.273 349.294c-11.234-24.977-23.062-25.477-33.75-25.914-8.742-.375-18.75-.352-28.742-.352-10 0-26.25 3.758-39.992 18.766-13.75 15.008-52.5 51.289-52.5 125.078 0 73.797 53.75 145.102 61.242 155.117 7.5 10 103.758 166.266 256.203 226.383 126.695 49.961 152.477 40.023 179.977 37.523s88.734-36.273 101.234-71.297c12.5-35.016 12.5-65.031 8.75-71.305-3.75-6.25-13.75-10-28.75-17.5s-88.734-43.789-102.484-48.789-23.75-7.5-33.75 7.516c-10 15-38.727 48.773-47.477 58.773-8.75 10.023-17.5 11.273-32.5 3.773-15-7.523-63.305-23.344-120.609-74.438-44.586-39.75-74.688-88.844-83.438-103.859-8.75-15-.938-23.125 6.586-30.602 6.734-6.719 15-17.508 22.5-26.266 7.484-8.758 9.984-15.008 14.984-25.008 5-10.016 2.5-18.773-1.25-26.273s-32.898-81.67-46.234-111.326z\"\/>\n            <path style=\"fill: #FFFFFF;\" fill=\"#FFF\" d=\"M1036.898 176.091C923.562 62.677 772.859.185 612.297.114 281.43.114 12.172 269.286 12.039 600.137 12 705.896 39.633 809.13 92.156 900.13L7 1211.067l318.203-83.438c87.672 47.812 186.383 73.008 286.836 73.047h.255.003c330.812 0 600.109-269.219 600.25-600.055.055-160.343-62.328-311.108-175.649-424.53zm-424.601 923.242h-.195c-89.539-.047-177.344-24.086-253.93-69.531l-18.227-10.805-188.828 49.508 50.414-184.039-11.875-18.867c-49.945-79.414-76.312-171.188-76.273-265.422.109-274.992 223.906-498.711 499.102-498.711 133.266.055 258.516 52 352.719 146.266 94.195 94.266 146.031 219.578 145.992 352.852-.118 274.999-223.923 498.749-498.899 498.749z\"\/>\n        <\/svg><\/span>\n        <span>Contact us<\/span>\n    <\/div>\n<\/div><br \/><\/strong><br \/>All participating mountain and ski guides offer their services with individual contractual relationships. This means that there is no legal relationship between the guests and the operator of the website Bergf\u00fchrer Wipptal, but only between the guests and the mountain and ski guide who conducts the tour.<\/p>\t\t\t\t\t\t\t\t<\/div>\n\t\t\t\t<\/div>\n\t\t\t\t\t<\/div>\n\t\t<\/div>\n\t\t\t\t\t<\/div>\n\t\t<\/section>\n\t\t\t\t<section class=\"elementor-section elementor-top-section elementor-element elementor-element-dd80608 elementor-section-boxed elementor-section-height-default elementor-section-height-default\" data-id=\"dd80608\" data-element_type=\"section\" data-e-type=\"section\">\n\t\t\t\t\t\t<div class=\"elementor-container elementor-column-gap-default\">\n\t\t\t\t\t<div class=\"elementor-column elementor-col-100 elementor-top-column elementor-element elementor-element-dd82e00\" data-id=\"dd82e00\" data-element_type=\"column\" data-e-type=\"column\">\n\t\t\t<div class=\"elementor-widget-wrap elementor-element-populated\">\n\t\t\t\t\t\t<div class=\"elementor-element elementor-element-bcca807 elementor-widget elementor-widget-spacer\" data-id=\"bcca807\" data-element_type=\"widget\" data-e-type=\"widget\" data-widget_type=\"spacer.default\">\n\t\t\t\t<div class=\"elementor-widget-container\">\n\t\t\t\t\t\t\t<div class=\"elementor-spacer\">\n\t\t\t<div class=\"elementor-spacer-inner\"><\/div>\n\t\t<\/div>\n\t\t\t\t\t\t<\/div>\n\t\t\t\t<\/div>\n\t\t\t\t\t<\/div>\n\t\t<\/div>\n\t\t\t\t\t<\/div>\n\t\t<\/section>\n\t\t\t\t<\/div>","protected":false},"excerpt":{"rendered":"<p>Thomas SenfterStaatlich gepr\u00fcfter Berg- und Skif\u00fchrerLeite 1226154 St. Jodok am BrennerAustria +43 664 47 33 231mail@bergfuehrer-wipptal.at Alle beteiligten Berg- und Skif\u00fchrer bieten ihre Dienstleistungen mit Einzelvertragsbeziehungen an. D.h. es entsteht kein Rechtsverh\u00e4ltnis zwischen den G\u00e4sten und dem Betreiber der Website Bergf\u00fchrer Wipptal, sondern nur zwischen den G\u00e4sten und demjenigen Berg- und Skif\u00fchrer, der die Tour [&hellip;]<\/p>\n","protected":false},"author":1,"featured_media":0,"parent":0,"menu_order":0,"comment_status":"closed","ping_status":"closed","template":"","meta":{"_eb_attr":"","ocean_post_layout":"full-screen","ocean_both_sidebars_style":"","ocean_both_sidebars_content_width":0,"ocean_both_sidebars_sidebars_width":0,"ocean_sidebar":"0","ocean_second_sidebar":"0","ocean_disable_margins":"enable","ocean_add_body_class":"","ocean_shortcode_before_top_bar":"","ocean_shortcode_after_top_bar":"","ocean_shortcode_before_header":"","ocean_shortcode_after_header":"","ocean_has_shortcode":"","ocean_shortcode_after_title":"","ocean_shortcode_before_footer_widgets":"","ocean_shortcode_after_footer_widgets":"","ocean_shortcode_before_footer_bottom":"","ocean_shortcode_after_footer_bottom":"","ocean_display_top_bar":"default","ocean_display_header":"default","ocean_header_style":"","ocean_center_header_left_menu":"0","ocean_custom_header_template":"0","ocean_custom_logo":0,"ocean_custom_retina_logo":0,"ocean_custom_logo_max_width":0,"ocean_custom_logo_tablet_max_width":0,"ocean_custom_logo_mobile_max_width":0,"ocean_custom_logo_max_height":0,"ocean_custom_logo_tablet_max_height":0,"ocean_custom_logo_mobile_max_height":0,"ocean_header_custom_menu":"0","ocean_menu_typo_font_family":"0","ocean_menu_typo_font_subset":"","ocean_menu_typo_font_size":0,"ocean_menu_typo_font_size_tablet":0,"ocean_menu_typo_font_size_mobile":0,"ocean_menu_typo_font_size_unit":"px","ocean_menu_typo_font_weight":"","ocean_menu_typo_font_weight_tablet":"","ocean_menu_typo_font_weight_mobile":"","ocean_menu_typo_transform":"","ocean_menu_typo_transform_tablet":"","ocean_menu_typo_transform_mobile":"","ocean_menu_typo_line_height":0,"ocean_menu_typo_line_height_tablet":0,"ocean_menu_typo_line_height_mobile":0,"ocean_menu_typo_line_height_unit":"","ocean_menu_typo_spacing":0,"ocean_menu_typo_spacing_tablet":0,"ocean_menu_typo_spacing_mobile":0,"ocean_menu_typo_spacing_unit":"","ocean_menu_link_color":"","ocean_menu_link_color_hover":"","ocean_menu_link_color_active":"","ocean_menu_link_background":"","ocean_menu_link_hover_background":"","ocean_menu_link_active_background":"","ocean_menu_social_links_bg":"","ocean_menu_social_hover_links_bg":"","ocean_menu_social_links_color":"","ocean_menu_social_hover_links_color":"","ocean_disable_title":"default","ocean_disable_heading":"default","ocean_post_title":"","ocean_post_subheading":"","ocean_post_title_style":"","ocean_post_title_background_color":"","ocean_post_title_background":0,"ocean_post_title_bg_image_position":"","ocean_post_title_bg_image_attachment":"","ocean_post_title_bg_image_repeat":"","ocean_post_title_bg_image_size":"","ocean_post_title_height":0,"ocean_post_title_bg_overlay":0.5,"ocean_post_title_bg_overlay_color":"","ocean_disable_breadcrumbs":"off","ocean_breadcrumbs_color":"","ocean_breadcrumbs_separator_color":"","ocean_breadcrumbs_links_color":"","ocean_breadcrumbs_links_hover_color":"","ocean_display_footer_widgets":"default","ocean_display_footer_bottom":"default","ocean_custom_footer_template":"0","footnotes":""},"class_list":["post-150","page","type-page","status-publish","hentry","entry"],"yoast_head":"<!-- This site is optimized with the Yoast SEO plugin v27.5 - https:\/\/yoast.com\/product\/yoast-seo-wordpress\/ -->\n<title>Kontakt | Bergf\u00fchrer Wipptal<\/title>\n<meta name=\"description\" content=\"Telefon und E-Mail. Die Erstellung der individuellen Planung ist unverbindlich, wir tragen das Risiko, wenn am Ende keine Buchung Ihrerseits entsteht.\" \/>\n<meta name=\"robots\" content=\"index, follow, max-snippet:-1, max-image-preview:large, max-video-preview:-1\" \/>\n<link rel=\"canonical\" href=\"https:\/\/www.bergfuehrer-wipptal.at\/en\/kontakt\/\" \/>\n<meta property=\"og:locale\" content=\"en_GB\" \/>\n<meta property=\"og:type\" content=\"article\" \/>\n<meta property=\"og:title\" content=\"Kontakt | Bergf\u00fchrer Wipptal\" \/>\n<meta property=\"og:description\" content=\"Telefon und E-Mail. Die Erstellung der individuellen Planung ist unverbindlich, wir tragen das Risiko, wenn am Ende keine Buchung Ihrerseits entsteht.\" \/>\n<meta property=\"og:url\" content=\"https:\/\/www.bergfuehrer-wipptal.at\/en\/kontakt\/\" \/>\n<meta property=\"og:site_name\" content=\"Bergf\u00fchrer Wipptal\" \/>\n<meta property=\"article:modified_time\" content=\"2025-08-01T15:40:40+00:00\" \/>\n<meta property=\"og:image\" content=\"https:\/\/www.bergfuehrer-wipptal.at\/wp-content\/uploads\/2020\/04\/page_top_n.jpg\" \/>\n\t<meta property=\"og:image:width\" content=\"1920\" \/>\n\t<meta property=\"og:image:height\" content=\"275\" \/>\n\t<meta property=\"og:image:type\" content=\"image\/jpeg\" \/>\n<meta name=\"twitter:card\" content=\"summary_large_image\" \/>\n<meta name=\"twitter:label1\" content=\"Estimated reading time\" \/>\n\t<meta name=\"twitter:data1\" content=\"1 minute\" \/>\n<script type=\"application\/ld+json\" class=\"yoast-schema-graph\">{\"@context\":\"https:\\\/\\\/schema.org\",\"@graph\":[{\"@type\":\"WebPage\",\"@id\":\"https:\\\/\\\/www.bergfuehrer-wipptal.at\\\/kontakt\\\/\",\"url\":\"https:\\\/\\\/www.bergfuehrer-wipptal.at\\\/kontakt\\\/\",\"name\":\"Kontakt | Bergf\u00fchrer Wipptal\",\"isPartOf\":{\"@id\":\"https:\\\/\\\/www.bergfuehrer-wipptal.at\\\/#website\"},\"primaryImageOfPage\":{\"@id\":\"https:\\\/\\\/www.bergfuehrer-wipptal.at\\\/kontakt\\\/#primaryimage\"},\"image\":{\"@id\":\"https:\\\/\\\/www.bergfuehrer-wipptal.at\\\/kontakt\\\/#primaryimage\"},\"thumbnailUrl\":\"https:\\\/\\\/www.bergfuehrer-wipptal.at\\\/wp-content\\\/uploads\\\/2020\\\/04\\\/page_top_n.jpg\",\"datePublished\":\"2020-03-29T12:35:48+00:00\",\"dateModified\":\"2025-08-01T15:40:40+00:00\",\"description\":\"Telefon und E-Mail. Die Erstellung der individuellen Planung ist unverbindlich, wir tragen das Risiko, wenn am Ende keine Buchung Ihrerseits entsteht.\",\"breadcrumb\":{\"@id\":\"https:\\\/\\\/www.bergfuehrer-wipptal.at\\\/kontakt\\\/#breadcrumb\"},\"inLanguage\":\"en-GB\",\"potentialAction\":[{\"@type\":\"ReadAction\",\"target\":[\"https:\\\/\\\/www.bergfuehrer-wipptal.at\\\/kontakt\\\/\"]}]},{\"@type\":\"ImageObject\",\"inLanguage\":\"en-GB\",\"@id\":\"https:\\\/\\\/www.bergfuehrer-wipptal.at\\\/kontakt\\\/#primaryimage\",\"url\":\"https:\\\/\\\/www.bergfuehrer-wipptal.at\\\/wp-content\\\/uploads\\\/2020\\\/04\\\/page_top_n.jpg\",\"contentUrl\":\"https:\\\/\\\/www.bergfuehrer-wipptal.at\\\/wp-content\\\/uploads\\\/2020\\\/04\\\/page_top_n.jpg\"},{\"@type\":\"BreadcrumbList\",\"@id\":\"https:\\\/\\\/www.bergfuehrer-wipptal.at\\\/kontakt\\\/#breadcrumb\",\"itemListElement\":[{\"@type\":\"ListItem\",\"position\":1,\"name\":\"Startseite\",\"item\":\"https:\\\/\\\/www.bergfuehrer-wipptal.at\\\/\"},{\"@type\":\"ListItem\",\"position\":2,\"name\":\"Kontakt\"}]},{\"@type\":\"WebSite\",\"@id\":\"https:\\\/\\\/www.bergfuehrer-wipptal.at\\\/#website\",\"url\":\"https:\\\/\\\/www.bergfuehrer-wipptal.at\\\/\",\"name\":\"Bergf\u00fchrer Wipptal\",\"description\":\"\",\"publisher\":{\"@id\":\"https:\\\/\\\/www.bergfuehrer-wipptal.at\\\/#\\\/schema\\\/person\\\/27f52912361429c315ed8d887084792e\"},\"potentialAction\":[{\"@type\":\"SearchAction\",\"target\":{\"@type\":\"EntryPoint\",\"urlTemplate\":\"https:\\\/\\\/www.bergfuehrer-wipptal.at\\\/?s={search_term_string}\"},\"query-input\":{\"@type\":\"PropertyValueSpecification\",\"valueRequired\":true,\"valueName\":\"search_term_string\"}}],\"inLanguage\":\"en-GB\"},{\"@type\":[\"Person\",\"Organization\"],\"@id\":\"https:\\\/\\\/www.bergfuehrer-wipptal.at\\\/#\\\/schema\\\/person\\\/27f52912361429c315ed8d887084792e\",\"name\":\"thomassenfter\",\"image\":{\"@type\":\"ImageObject\",\"inLanguage\":\"en-GB\",\"@id\":\"https:\\\/\\\/www.bergfuehrer-wipptal.at\\\/wp-content\\\/uploads\\\/2020\\\/05\\\/cropped-logo_bergfuehrer-wipptal.png\",\"url\":\"https:\\\/\\\/www.bergfuehrer-wipptal.at\\\/wp-content\\\/uploads\\\/2020\\\/05\\\/cropped-logo_bergfuehrer-wipptal.png\",\"contentUrl\":\"https:\\\/\\\/www.bergfuehrer-wipptal.at\\\/wp-content\\\/uploads\\\/2020\\\/05\\\/cropped-logo_bergfuehrer-wipptal.png\",\"width\":164,\"height\":150,\"caption\":\"thomassenfter\"},\"logo\":{\"@id\":\"https:\\\/\\\/www.bergfuehrer-wipptal.at\\\/wp-content\\\/uploads\\\/2020\\\/05\\\/cropped-logo_bergfuehrer-wipptal.png\"}}]}<\/script>\n<!-- \/ Yoast SEO plugin. -->","yoast_head_json":{"title":"Kontakt | Bergf\u00fchrer Wipptal","description":"Telefon und E-Mail. Die Erstellung der individuellen Planung ist unverbindlich, wir tragen das Risiko, wenn am Ende keine Buchung Ihrerseits entsteht.","robots":{"index":"index","follow":"follow","max-snippet":"max-snippet:-1","max-image-preview":"max-image-preview:large","max-video-preview":"max-video-preview:-1"},"canonical":"https:\/\/www.bergfuehrer-wipptal.at\/en\/kontakt\/","og_locale":"en_GB","og_type":"article","og_title":"Kontakt | Bergf\u00fchrer Wipptal","og_description":"Telefon und E-Mail. Die Erstellung der individuellen Planung ist unverbindlich, wir tragen das Risiko, wenn am Ende keine Buchung Ihrerseits entsteht.","og_url":"https:\/\/www.bergfuehrer-wipptal.at\/en\/kontakt\/","og_site_name":"Bergf\u00fchrer Wipptal","article_modified_time":"2025-08-01T15:40:40+00:00","og_image":[{"width":1920,"height":275,"url":"https:\/\/www.bergfuehrer-wipptal.at\/wp-content\/uploads\/2020\/04\/page_top_n.jpg","type":"image\/jpeg"}],"twitter_card":"summary_large_image","twitter_misc":{"Estimated reading time":"1 minute"},"schema":{"@context":"https:\/\/schema.org","@graph":[{"@type":"WebPage","@id":"https:\/\/www.bergfuehrer-wipptal.at\/kontakt\/","url":"https:\/\/www.bergfuehrer-wipptal.at\/kontakt\/","name":"Kontakt | Bergf\u00fchrer Wipptal","isPartOf":{"@id":"https:\/\/www.bergfuehrer-wipptal.at\/#website"},"primaryImageOfPage":{"@id":"https:\/\/www.bergfuehrer-wipptal.at\/kontakt\/#primaryimage"},"image":{"@id":"https:\/\/www.bergfuehrer-wipptal.at\/kontakt\/#primaryimage"},"thumbnailUrl":"https:\/\/www.bergfuehrer-wipptal.at\/wp-content\/uploads\/2020\/04\/page_top_n.jpg","datePublished":"2020-03-29T12:35:48+00:00","dateModified":"2025-08-01T15:40:40+00:00","description":"Telefon und E-Mail. Die Erstellung der individuellen Planung ist unverbindlich, wir tragen das Risiko, wenn am Ende keine Buchung Ihrerseits entsteht.","breadcrumb":{"@id":"https:\/\/www.bergfuehrer-wipptal.at\/kontakt\/#breadcrumb"},"inLanguage":"en-GB","potentialAction":[{"@type":"ReadAction","target":["https:\/\/www.bergfuehrer-wipptal.at\/kontakt\/"]}]},{"@type":"ImageObject","inLanguage":"en-GB","@id":"https:\/\/www.bergfuehrer-wipptal.at\/kontakt\/#primaryimage","url":"https:\/\/www.bergfuehrer-wipptal.at\/wp-content\/uploads\/2020\/04\/page_top_n.jpg","contentUrl":"https:\/\/www.bergfuehrer-wipptal.at\/wp-content\/uploads\/2020\/04\/page_top_n.jpg"},{"@type":"BreadcrumbList","@id":"https:\/\/www.bergfuehrer-wipptal.at\/kontakt\/#breadcrumb","itemListElement":[{"@type":"ListItem","position":1,"name":"Startseite","item":"https:\/\/www.bergfuehrer-wipptal.at\/"},{"@type":"ListItem","position":2,"name":"Kontakt"}]},{"@type":"WebSite","@id":"https:\/\/www.bergfuehrer-wipptal.at\/#website","url":"https:\/\/www.bergfuehrer-wipptal.at\/","name":"Bergf\u00fchrer Wipptal","description":"","publisher":{"@id":"https:\/\/www.bergfuehrer-wipptal.at\/#\/schema\/person\/27f52912361429c315ed8d887084792e"},"potentialAction":[{"@type":"SearchAction","target":{"@type":"EntryPoint","urlTemplate":"https:\/\/www.bergfuehrer-wipptal.at\/?s={search_term_string}"},"query-input":{"@type":"PropertyValueSpecification","valueRequired":true,"valueName":"search_term_string"}}],"inLanguage":"en-GB"},{"@type":["Person","Organization"],"@id":"https:\/\/www.bergfuehrer-wipptal.at\/#\/schema\/person\/27f52912361429c315ed8d887084792e","name":"thomassenfter","image":{"@type":"ImageObject","inLanguage":"en-GB","@id":"https:\/\/www.bergfuehrer-wipptal.at\/wp-content\/uploads\/2020\/05\/cropped-logo_bergfuehrer-wipptal.png","url":"https:\/\/www.bergfuehrer-wipptal.at\/wp-content\/uploads\/2020\/05\/cropped-logo_bergfuehrer-wipptal.png","contentUrl":"https:\/\/www.bergfuehrer-wipptal.at\/wp-content\/uploads\/2020\/05\/cropped-logo_bergfuehrer-wipptal.png","width":164,"height":150,"caption":"thomassenfter"},"logo":{"@id":"https:\/\/www.bergfuehrer-wipptal.at\/wp-content\/uploads\/2020\/05\/cropped-logo_bergfuehrer-wipptal.png"}}]}},"_links":{"self":[{"href":"https:\/\/www.bergfuehrer-wipptal.at\/en\/wp-json\/wp\/v2\/pages\/150","targetHints":{"allow":["GET"]}}],"collection":[{"href":"https:\/\/www.bergfuehrer-wipptal.at\/en\/wp-json\/wp\/v2\/pages"}],"about":[{"href":"https:\/\/www.bergfuehrer-wipptal.at\/en\/wp-json\/wp\/v2\/types\/page"}],"author":[{"embeddable":true,"href":"https:\/\/www.bergfuehrer-wipptal.at\/en\/wp-json\/wp\/v2\/users\/1"}],"replies":[{"embeddable":true,"href":"https:\/\/www.bergfuehrer-wipptal.at\/en\/wp-json\/wp\/v2\/comments?post=150"}],"version-history":[{"count":27,"href":"https:\/\/www.bergfuehrer-wipptal.at\/en\/wp-json\/wp\/v2\/pages\/150\/revisions"}],"predecessor-version":[{"id":4620,"href":"https:\/\/www.bergfuehrer-wipptal.at\/en\/wp-json\/wp\/v2\/pages\/150\/revisions\/4620"}],"wp:attachment":[{"href":"https:\/\/www.bergfuehrer-wipptal.at\/en\/wp-json\/wp\/v2\/media?parent=150"}],"curies":[{"name":"wp","href":"https:\/\/api.w.org\/{rel}","templated":true}]}}