{"id":19,"date":"2020-03-28T23:38:15","date_gmt":"2020-03-28T22:38:15","guid":{"rendered":"http:\/\/bergfuehrer-wipptal.at\/?page_id=19"},"modified":"2020-06-18T23:53:36","modified_gmt":"2020-06-18T21:53:36","slug":"impressum","status":"publish","type":"page","link":"https:\/\/www.bergfuehrer-wipptal.at\/en\/impressum\/","title":{"rendered":"Legal Notice"},"content":{"rendered":"<div data-elementor-type=\"wp-page\" data-elementor-id=\"19\" class=\"elementor elementor-19\">\n\t\t\t\t\t\t<section class=\"elementor-section elementor-top-section elementor-element elementor-element-04b864d elementor-section-full_width elementor-section-height-default elementor-section-height-default\" data-id=\"04b864d\" data-element_type=\"section\" data-e-type=\"section\">\n\t\t\t\t\t\t<div class=\"elementor-container elementor-column-gap-default\">\n\t\t\t\t\t<div class=\"elementor-column elementor-col-100 elementor-top-column elementor-element elementor-element-0edb2f5\" data-id=\"0edb2f5\" data-element_type=\"column\" data-e-type=\"column\">\n\t\t\t<div class=\"elementor-widget-wrap elementor-element-populated\">\n\t\t\t\t\t\t<div class=\"elementor-element elementor-element-815579f elementor-widget elementor-widget-image\" data-id=\"815579f\" data-element_type=\"widget\" data-e-type=\"widget\" data-widget_type=\"image.default\">\n\t\t\t\t<div class=\"elementor-widget-container\">\n\t\t\t\t\t\t\t\t\t\t\t\t\t\t\t<img fetchpriority=\"high\" decoding=\"async\" width=\"1920\" height=\"275\" src=\"https:\/\/www.bergfuehrer-wipptal.at\/wp-content\/uploads\/2020\/04\/page_top_n.jpg\" class=\"attachment-full size-full wp-image-1312\" alt=\"Bergf\u00fchrer Wipptal Tirol\" srcset=\"https:\/\/www.bergfuehrer-wipptal.at\/wp-content\/uploads\/2020\/04\/page_top_n.jpg 1920w, https:\/\/www.bergfuehrer-wipptal.at\/wp-content\/uploads\/2020\/04\/page_top_n-300x43.jpg 300w, https:\/\/www.bergfuehrer-wipptal.at\/wp-content\/uploads\/2020\/04\/page_top_n-1024x147.jpg 1024w, https:\/\/www.bergfuehrer-wipptal.at\/wp-content\/uploads\/2020\/04\/page_top_n-768x110.jpg 768w, https:\/\/www.bergfuehrer-wipptal.at\/wp-content\/uploads\/2020\/04\/page_top_n-1536x220.jpg 1536w, https:\/\/www.bergfuehrer-wipptal.at\/wp-content\/uploads\/2020\/04\/page_top_n-18x3.jpg 18w, https:\/\/www.bergfuehrer-wipptal.at\/wp-content\/uploads\/2020\/04\/page_top_n-20x3.jpg 20w\" sizes=\"(max-width: 1920px) 100vw, 1920px\" \/>\t\t\t\t\t\t\t\t\t\t\t\t\t\t\t<\/div>\n\t\t\t\t<\/div>\n\t\t\t\t\t<\/div>\n\t\t<\/div>\n\t\t\t\t\t<\/div>\n\t\t<\/section>\n\t\t\t\t<section class=\"elementor-section elementor-top-section elementor-element elementor-element-5488f67 elementor-section-boxed elementor-section-height-default elementor-section-height-default\" data-id=\"5488f67\" data-element_type=\"section\" data-e-type=\"section\">\n\t\t\t\t\t\t<div class=\"elementor-container elementor-column-gap-default\">\n\t\t\t\t\t<div class=\"elementor-column elementor-col-100 elementor-top-column elementor-element elementor-element-16c4ca4\" data-id=\"16c4ca4\" data-element_type=\"column\" data-e-type=\"column\">\n\t\t\t<div class=\"elementor-widget-wrap elementor-element-populated\">\n\t\t\t\t\t\t<div class=\"elementor-element elementor-element-8298537 elementor-widget elementor-widget-spacer\" data-id=\"8298537\" data-element_type=\"widget\" data-e-type=\"widget\" data-widget_type=\"spacer.default\">\n\t\t\t\t<div class=\"elementor-widget-container\">\n\t\t\t\t\t\t\t<div class=\"elementor-spacer\">\n\t\t\t<div class=\"elementor-spacer-inner\"><\/div>\n\t\t<\/div>\n\t\t\t\t\t\t<\/div>\n\t\t\t\t<\/div>\n\t\t\t\t\t<\/div>\n\t\t<\/div>\n\t\t\t\t\t<\/div>\n\t\t<\/section>\n\t\t\t\t<section class=\"elementor-section elementor-top-section elementor-element elementor-element-7fc4601 elementor-section-boxed elementor-section-height-default elementor-section-height-default\" data-id=\"7fc4601\" data-element_type=\"section\" data-e-type=\"section\">\n\t\t\t\t\t\t<div class=\"elementor-container elementor-column-gap-default\">\n\t\t\t\t\t<div class=\"elementor-column elementor-col-100 elementor-top-column elementor-element elementor-element-7aa3f89\" data-id=\"7aa3f89\" data-element_type=\"column\" data-e-type=\"column\">\n\t\t\t<div class=\"elementor-widget-wrap elementor-element-populated\">\n\t\t\t\t\t\t<div class=\"elementor-element elementor-element-f2cc57c elementor-widget elementor-widget-text-editor\" data-id=\"f2cc57c\" data-element_type=\"widget\" data-e-type=\"widget\" data-widget_type=\"text-editor.default\">\n\t\t\t\t<div class=\"elementor-widget-container\">\n\t\t\t\t\t\t\t\t\t<p><span style=\"color: #4d4949;\"><strong>Thomas Senfter<\/strong><\/span><br \/>Leite 122<br \/>6154 St. Jodok am Brenner<br \/>Austria<br \/><br \/><a href=\"tel:+436644733231\">+43 664 47 33 231<br \/><\/a><a href=\"mailto:mail@bergfuehrer-wipptal.at\">mail@bergfuehrer-wipptal.at<\/a><a href=\"tel:+436644733231\"><br \/><\/a><a href=\"https:\/\/www.bergfuehrer-wipptal.at\/en\/\" target=\"_blank\" rel=\"noopener\">www.bergfuehrer-wipptal.at<\/a><\/p><p class=\"translation-block\">Thomas Senfter (address as above) is only responsible <b>for the content of the website.<\/b><\/p><p>All participating mountain and ski guides offer their services with individual contractual relationships. This means that there is no legal relationship between the guests and the operator of the website Bergf\u00fchrer Wipptal, but only between the guests and the mountain and ski guide who conducts the tour.<\/p><p><strong>Copyright<\/strong><\/p><p>The content of this website is protected by copyright. The provision of content and image material from this website to other websites is only permitted with the express permission of the editors. The information contained on the website has been compiled to the best of our knowledge and checked for accuracy with great care. Nevertheless, errors in content and facts cannot be completely excluded. Thomas Senfter therefore assumes no guarantee or liability for the accuracy, timeliness and completeness of the information provided. All information is without guarantee. This also applies to all links to other Urls, which are mentioned on our website.<\/p><p><strong>Liability for links<\/strong><\/p><p>Despite careful control of the contents, we do not assume any liability for the contents of external links. The operators of the linked pages are solely responsible for the content of their pages.<\/p><p><strong>Right of ownership<\/strong><\/p><p>Content, structure and layout of this website are protected by copyright. Copyrights for images, texts and other protected works, brands and labels are not restricted by this. It is not permitted to copy or otherwise use the offer in whole or in part (including printing on paper) without the express permission of the media owner.<\/p><p><strong>Disclaimer<\/strong><\/p><p>The use of this website is for information purposes only. The operator assumes no liability for the topicality, correctness, completeness or quality of the information provided. The information provided is not legally binding. Liability for damages of any kind, which are caused by the use or non-use of the information provided or by the use of incorrect or incomplete information, is excluded. In the case of direct or indirect references to external websites (hyperlinks), the operator is only liable insofar as it is aware of illegal content and it is technically possible and reasonable to prevent the use of illegal content. The operator declares that at the time the link was created, no illegal content was discernible on the linked pages. The operator has no influence on the current and future design, content or authorship of the linked pages and therefore expressly distances itself from any illegal content presented there. The operators of the linked sites are solely responsible for the content of their sites. This disclaimer is to be regarded as part of the internet publication which you were referred from. If sections or individual terms of this disclaimer are not legal or correct, the content or validity of the other parts remain uninfluenced by this fact.<\/p><p><strong>Picture sources \/ picture material<\/strong><\/p><p>Thomas Senfter<\/p>\t\t\t\t\t\t\t\t<\/div>\n\t\t\t\t<\/div>\n\t\t\t\t\t<\/div>\n\t\t<\/div>\n\t\t\t\t\t<\/div>\n\t\t<\/section>\n\t\t\t\t<section class=\"elementor-section elementor-top-section elementor-element elementor-element-fca8f70 elementor-section-boxed elementor-section-height-default elementor-section-height-default\" data-id=\"fca8f70\" data-element_type=\"section\" data-e-type=\"section\">\n\t\t\t\t\t\t<div class=\"elementor-container elementor-column-gap-default\">\n\t\t\t\t\t<div class=\"elementor-column elementor-col-100 elementor-top-column elementor-element elementor-element-311c634\" data-id=\"311c634\" data-element_type=\"column\" data-e-type=\"column\">\n\t\t\t<div class=\"elementor-widget-wrap elementor-element-populated\">\n\t\t\t\t\t\t<div class=\"elementor-element elementor-element-b5cd559 elementor-widget elementor-widget-spacer\" data-id=\"b5cd559\" data-element_type=\"widget\" data-e-type=\"widget\" data-widget_type=\"spacer.default\">\n\t\t\t\t<div class=\"elementor-widget-container\">\n\t\t\t\t\t\t\t<div class=\"elementor-spacer\">\n\t\t\t<div class=\"elementor-spacer-inner\"><\/div>\n\t\t<\/div>\n\t\t\t\t\t\t<\/div>\n\t\t\t\t<\/div>\n\t\t\t\t\t<\/div>\n\t\t<\/div>\n\t\t\t\t\t<\/div>\n\t\t<\/section>\n\t\t\t\t<\/div>","protected":false},"excerpt":{"rendered":"<p>Thomas Senfter Leite 122 6154 St. Jodok am Brenner Austria +43 664 47 33 231 mail@bergfuehrer-wipptal.at www.bergfuehrer-wipptal.at Thomas Senfter (Anschrift wie oben) ist lediglich f\u00fcr den Inhalt der Website verantwortlich. Alle beteiligten Berg- und Skif\u00fchrer bieten ihre Dienstleistungen mit Einzelvertragsbeziehungen an. D.h. es entsteht kein Rechtsverh\u00e4ltnis zwischen den G\u00e4sten und dem Betreiber der Website Bergf\u00fchrer [&hellip;]<\/p>\n","protected":false},"author":1,"featured_media":1647,"parent":0,"menu_order":0,"comment_status":"closed","ping_status":"closed","template":"","meta":{"_eb_attr":"","ocean_post_layout":"full-screen","ocean_both_sidebars_style":"","ocean_both_sidebars_content_width":0,"ocean_both_sidebars_sidebars_width":0,"ocean_sidebar":"0","ocean_second_sidebar":"0","ocean_disable_margins":"enable","ocean_add_body_class":"","ocean_shortcode_before_top_bar":"","ocean_shortcode_after_top_bar":"","ocean_shortcode_before_header":"","ocean_shortcode_after_header":"","ocean_has_shortcode":"","ocean_shortcode_after_title":"","ocean_shortcode_before_footer_widgets":"","ocean_shortcode_after_footer_widgets":"","ocean_shortcode_before_footer_bottom":"","ocean_shortcode_after_footer_bottom":"","ocean_display_top_bar":"default","ocean_display_header":"default","ocean_header_style":"","ocean_center_header_left_menu":"0","ocean_custom_header_template":"0","ocean_custom_logo":0,"ocean_custom_retina_logo":0,"ocean_custom_logo_max_width":0,"ocean_custom_logo_tablet_max_width":0,"ocean_custom_logo_mobile_max_width":0,"ocean_custom_logo_max_height":0,"ocean_custom_logo_tablet_max_height":0,"ocean_custom_logo_mobile_max_height":0,"ocean_header_custom_menu":"0","ocean_menu_typo_font_family":"0","ocean_menu_typo_font_subset":"","ocean_menu_typo_font_size":0,"ocean_menu_typo_font_size_tablet":0,"ocean_menu_typo_font_size_mobile":0,"ocean_menu_typo_font_size_unit":"px","ocean_menu_typo_font_weight":"","ocean_menu_typo_font_weight_tablet":"","ocean_menu_typo_font_weight_mobile":"","ocean_menu_typo_transform":"","ocean_menu_typo_transform_tablet":"","ocean_menu_typo_transform_mobile":"","ocean_menu_typo_line_height":0,"ocean_menu_typo_line_height_tablet":0,"ocean_menu_typo_line_height_mobile":0,"ocean_menu_typo_line_height_unit":"","ocean_menu_typo_spacing":0,"ocean_menu_typo_spacing_tablet":0,"ocean_menu_typo_spacing_mobile":0,"ocean_menu_typo_spacing_unit":"","ocean_menu_link_color":"","ocean_menu_link_color_hover":"","ocean_menu_link_color_active":"","ocean_menu_link_background":"","ocean_menu_link_hover_background":"","ocean_menu_link_active_background":"","ocean_menu_social_links_bg":"","ocean_menu_social_hover_links_bg":"","ocean_menu_social_links_color":"","ocean_menu_social_hover_links_color":"","ocean_disable_title":"default","ocean_disable_heading":"default","ocean_post_title":"","ocean_post_subheading":"","ocean_post_title_style":"","ocean_post_title_background_color":"","ocean_post_title_background":0,"ocean_post_title_bg_image_position":"","ocean_post_title_bg_image_attachment":"","ocean_post_title_bg_image_repeat":"","ocean_post_title_bg_image_size":"","ocean_post_title_height":0,"ocean_post_title_bg_overlay":0.5,"ocean_post_title_bg_overlay_color":"","ocean_disable_breadcrumbs":"off","ocean_breadcrumbs_color":"","ocean_breadcrumbs_separator_color":"","ocean_breadcrumbs_links_color":"","ocean_breadcrumbs_links_hover_color":"","ocean_display_footer_widgets":"default","ocean_display_footer_bottom":"default","ocean_custom_footer_template":"0","footnotes":""},"class_list":["post-19","page","type-page","status-publish","has-post-thumbnail","hentry","entry","has-media"],"yoast_head":"<!-- This site is optimized with the Yoast SEO plugin v27.5 - https:\/\/yoast.com\/product\/yoast-seo-wordpress\/ -->\n<title>Impressum | Bergf\u00fchrer Wipptal<\/title>\n<meta name=\"robots\" content=\"index, follow, max-snippet:-1, max-image-preview:large, max-video-preview:-1\" \/>\n<link rel=\"canonical\" href=\"https:\/\/www.bergfuehrer-wipptal.at\/en\/impressum\/\" \/>\n<meta property=\"og:locale\" content=\"en_GB\" \/>\n<meta property=\"og:type\" content=\"article\" \/>\n<meta property=\"og:title\" content=\"Impressum | Bergf\u00fchrer Wipptal\" \/>\n<meta property=\"og:description\" content=\"Thomas Senfter Leite 122 6154 St. Jodok am Brenner Austria +43 664 47 33 231 mail@bergfuehrer-wipptal.at www.bergfuehrer-wipptal.at Thomas Senfter (Anschrift wie oben) ist lediglich f\u00fcr den Inhalt der Website verantwortlich. Alle beteiligten Berg- und Skif\u00fchrer bieten ihre Dienstleistungen mit Einzelvertragsbeziehungen an. D.h. es entsteht kein Rechtsverh\u00e4ltnis zwischen den G\u00e4sten und dem Betreiber der Website Bergf\u00fchrer [&hellip;]\" \/>\n<meta property=\"og:url\" content=\"https:\/\/www.bergfuehrer-wipptal.at\/en\/impressum\/\" \/>\n<meta property=\"og:site_name\" content=\"Bergf\u00fchrer Wipptal\" \/>\n<meta property=\"article:modified_time\" content=\"2020-06-18T21:53:36+00:00\" \/>\n<meta property=\"og:image\" content=\"https:\/\/www.bergfuehrer-wipptal.at\/wp-content\/uploads\/2020\/05\/logo_bergfuehrer-wipptal.png\" \/>\n\t<meta property=\"og:image:width\" content=\"164\" \/>\n\t<meta property=\"og:image:height\" content=\"150\" \/>\n\t<meta property=\"og:image:type\" content=\"image\/png\" \/>\n<meta name=\"twitter:card\" content=\"summary_large_image\" \/>\n<meta name=\"twitter:label1\" content=\"Estimated reading time\" \/>\n\t<meta name=\"twitter:data1\" content=\"2 minutes\" \/>\n<script type=\"application\/ld+json\" class=\"yoast-schema-graph\">{\"@context\":\"https:\\\/\\\/schema.org\",\"@graph\":[{\"@type\":\"WebPage\",\"@id\":\"https:\\\/\\\/www.bergfuehrer-wipptal.at\\\/impressum\\\/\",\"url\":\"https:\\\/\\\/www.bergfuehrer-wipptal.at\\\/impressum\\\/\",\"name\":\"Impressum | Bergf\u00fchrer Wipptal\",\"isPartOf\":{\"@id\":\"https:\\\/\\\/www.bergfuehrer-wipptal.at\\\/#website\"},\"primaryImageOfPage\":{\"@id\":\"https:\\\/\\\/www.bergfuehrer-wipptal.at\\\/impressum\\\/#primaryimage\"},\"image\":{\"@id\":\"https:\\\/\\\/www.bergfuehrer-wipptal.at\\\/impressum\\\/#primaryimage\"},\"thumbnailUrl\":\"https:\\\/\\\/www.bergfuehrer-wipptal.at\\\/wp-content\\\/uploads\\\/2020\\\/05\\\/logo_bergfuehrer-wipptal.png\",\"datePublished\":\"2020-03-28T22:38:15+00:00\",\"dateModified\":\"2020-06-18T21:53:36+00:00\",\"breadcrumb\":{\"@id\":\"https:\\\/\\\/www.bergfuehrer-wipptal.at\\\/impressum\\\/#breadcrumb\"},\"inLanguage\":\"en-GB\",\"potentialAction\":[{\"@type\":\"ReadAction\",\"target\":[\"https:\\\/\\\/www.bergfuehrer-wipptal.at\\\/impressum\\\/\"]}]},{\"@type\":\"ImageObject\",\"inLanguage\":\"en-GB\",\"@id\":\"https:\\\/\\\/www.bergfuehrer-wipptal.at\\\/impressum\\\/#primaryimage\",\"url\":\"https:\\\/\\\/www.bergfuehrer-wipptal.at\\\/wp-content\\\/uploads\\\/2020\\\/05\\\/logo_bergfuehrer-wipptal.png\",\"contentUrl\":\"https:\\\/\\\/www.bergfuehrer-wipptal.at\\\/wp-content\\\/uploads\\\/2020\\\/05\\\/logo_bergfuehrer-wipptal.png\",\"width\":164,\"height\":150,\"caption\":\"logo_bergfuehrer-wipptal\"},{\"@type\":\"BreadcrumbList\",\"@id\":\"https:\\\/\\\/www.bergfuehrer-wipptal.at\\\/impressum\\\/#breadcrumb\",\"itemListElement\":[{\"@type\":\"ListItem\",\"position\":1,\"name\":\"Startseite\",\"item\":\"https:\\\/\\\/www.bergfuehrer-wipptal.at\\\/\"},{\"@type\":\"ListItem\",\"position\":2,\"name\":\"Impressum\"}]},{\"@type\":\"WebSite\",\"@id\":\"https:\\\/\\\/www.bergfuehrer-wipptal.at\\\/#website\",\"url\":\"https:\\\/\\\/www.bergfuehrer-wipptal.at\\\/\",\"name\":\"Bergf\u00fchrer Wipptal\",\"description\":\"\",\"publisher\":{\"@id\":\"https:\\\/\\\/www.bergfuehrer-wipptal.at\\\/#\\\/schema\\\/person\\\/27f52912361429c315ed8d887084792e\"},\"potentialAction\":[{\"@type\":\"SearchAction\",\"target\":{\"@type\":\"EntryPoint\",\"urlTemplate\":\"https:\\\/\\\/www.bergfuehrer-wipptal.at\\\/?s={search_term_string}\"},\"query-input\":{\"@type\":\"PropertyValueSpecification\",\"valueRequired\":true,\"valueName\":\"search_term_string\"}}],\"inLanguage\":\"en-GB\"},{\"@type\":[\"Person\",\"Organization\"],\"@id\":\"https:\\\/\\\/www.bergfuehrer-wipptal.at\\\/#\\\/schema\\\/person\\\/27f52912361429c315ed8d887084792e\",\"name\":\"thomassenfter\",\"image\":{\"@type\":\"ImageObject\",\"inLanguage\":\"en-GB\",\"@id\":\"https:\\\/\\\/www.bergfuehrer-wipptal.at\\\/wp-content\\\/uploads\\\/2020\\\/05\\\/cropped-logo_bergfuehrer-wipptal.png\",\"url\":\"https:\\\/\\\/www.bergfuehrer-wipptal.at\\\/wp-content\\\/uploads\\\/2020\\\/05\\\/cropped-logo_bergfuehrer-wipptal.png\",\"contentUrl\":\"https:\\\/\\\/www.bergfuehrer-wipptal.at\\\/wp-content\\\/uploads\\\/2020\\\/05\\\/cropped-logo_bergfuehrer-wipptal.png\",\"width\":164,\"height\":150,\"caption\":\"thomassenfter\"},\"logo\":{\"@id\":\"https:\\\/\\\/www.bergfuehrer-wipptal.at\\\/wp-content\\\/uploads\\\/2020\\\/05\\\/cropped-logo_bergfuehrer-wipptal.png\"}}]}<\/script>\n<!-- \/ Yoast SEO plugin. -->","yoast_head_json":{"title":"Impressum | Bergf\u00fchrer Wipptal","robots":{"index":"index","follow":"follow","max-snippet":"max-snippet:-1","max-image-preview":"max-image-preview:large","max-video-preview":"max-video-preview:-1"},"canonical":"https:\/\/www.bergfuehrer-wipptal.at\/en\/impressum\/","og_locale":"en_GB","og_type":"article","og_title":"Impressum | Bergf\u00fchrer Wipptal","og_description":"Thomas Senfter Leite 122 6154 St. Jodok am Brenner Austria +43 664 47 33 231 mail@bergfuehrer-wipptal.at www.bergfuehrer-wipptal.at Thomas Senfter (Anschrift wie oben) ist lediglich f\u00fcr den Inhalt der Website verantwortlich. Alle beteiligten Berg- und Skif\u00fchrer bieten ihre Dienstleistungen mit Einzelvertragsbeziehungen an. D.h. es entsteht kein Rechtsverh\u00e4ltnis zwischen den G\u00e4sten und dem Betreiber der Website Bergf\u00fchrer [&hellip;]","og_url":"https:\/\/www.bergfuehrer-wipptal.at\/en\/impressum\/","og_site_name":"Bergf\u00fchrer Wipptal","article_modified_time":"2020-06-18T21:53:36+00:00","og_image":[{"width":164,"height":150,"url":"https:\/\/www.bergfuehrer-wipptal.at\/wp-content\/uploads\/2020\/05\/logo_bergfuehrer-wipptal.png","type":"image\/png"}],"twitter_card":"summary_large_image","twitter_misc":{"Estimated reading time":"2 minutes"},"schema":{"@context":"https:\/\/schema.org","@graph":[{"@type":"WebPage","@id":"https:\/\/www.bergfuehrer-wipptal.at\/impressum\/","url":"https:\/\/www.bergfuehrer-wipptal.at\/impressum\/","name":"Impressum | Bergf\u00fchrer Wipptal","isPartOf":{"@id":"https:\/\/www.bergfuehrer-wipptal.at\/#website"},"primaryImageOfPage":{"@id":"https:\/\/www.bergfuehrer-wipptal.at\/impressum\/#primaryimage"},"image":{"@id":"https:\/\/www.bergfuehrer-wipptal.at\/impressum\/#primaryimage"},"thumbnailUrl":"https:\/\/www.bergfuehrer-wipptal.at\/wp-content\/uploads\/2020\/05\/logo_bergfuehrer-wipptal.png","datePublished":"2020-03-28T22:38:15+00:00","dateModified":"2020-06-18T21:53:36+00:00","breadcrumb":{"@id":"https:\/\/www.bergfuehrer-wipptal.at\/impressum\/#breadcrumb"},"inLanguage":"en-GB","potentialAction":[{"@type":"ReadAction","target":["https:\/\/www.bergfuehrer-wipptal.at\/impressum\/"]}]},{"@type":"ImageObject","inLanguage":"en-GB","@id":"https:\/\/www.bergfuehrer-wipptal.at\/impressum\/#primaryimage","url":"https:\/\/www.bergfuehrer-wipptal.at\/wp-content\/uploads\/2020\/05\/logo_bergfuehrer-wipptal.png","contentUrl":"https:\/\/www.bergfuehrer-wipptal.at\/wp-content\/uploads\/2020\/05\/logo_bergfuehrer-wipptal.png","width":164,"height":150,"caption":"logo_bergfuehrer-wipptal"},{"@type":"BreadcrumbList","@id":"https:\/\/www.bergfuehrer-wipptal.at\/impressum\/#breadcrumb","itemListElement":[{"@type":"ListItem","position":1,"name":"Startseite","item":"https:\/\/www.bergfuehrer-wipptal.at\/"},{"@type":"ListItem","position":2,"name":"Impressum"}]},{"@type":"WebSite","@id":"https:\/\/www.bergfuehrer-wipptal.at\/#website","url":"https:\/\/www.bergfuehrer-wipptal.at\/","name":"Bergf\u00fchrer Wipptal","description":"","publisher":{"@id":"https:\/\/www.bergfuehrer-wipptal.at\/#\/schema\/person\/27f52912361429c315ed8d887084792e"},"potentialAction":[{"@type":"SearchAction","target":{"@type":"EntryPoint","urlTemplate":"https:\/\/www.bergfuehrer-wipptal.at\/?s={search_term_string}"},"query-input":{"@type":"PropertyValueSpecification","valueRequired":true,"valueName":"search_term_string"}}],"inLanguage":"en-GB"},{"@type":["Person","Organization"],"@id":"https:\/\/www.bergfuehrer-wipptal.at\/#\/schema\/person\/27f52912361429c315ed8d887084792e","name":"thomassenfter","image":{"@type":"ImageObject","inLanguage":"en-GB","@id":"https:\/\/www.bergfuehrer-wipptal.at\/wp-content\/uploads\/2020\/05\/cropped-logo_bergfuehrer-wipptal.png","url":"https:\/\/www.bergfuehrer-wipptal.at\/wp-content\/uploads\/2020\/05\/cropped-logo_bergfuehrer-wipptal.png","contentUrl":"https:\/\/www.bergfuehrer-wipptal.at\/wp-content\/uploads\/2020\/05\/cropped-logo_bergfuehrer-wipptal.png","width":164,"height":150,"caption":"thomassenfter"},"logo":{"@id":"https:\/\/www.bergfuehrer-wipptal.at\/wp-content\/uploads\/2020\/05\/cropped-logo_bergfuehrer-wipptal.png"}}]}},"_links":{"self":[{"href":"https:\/\/www.bergfuehrer-wipptal.at\/en\/wp-json\/wp\/v2\/pages\/19","targetHints":{"allow":["GET"]}}],"collection":[{"href":"https:\/\/www.bergfuehrer-wipptal.at\/en\/wp-json\/wp\/v2\/pages"}],"about":[{"href":"https:\/\/www.bergfuehrer-wipptal.at\/en\/wp-json\/wp\/v2\/types\/page"}],"author":[{"embeddable":true,"href":"https:\/\/www.bergfuehrer-wipptal.at\/en\/wp-json\/wp\/v2\/users\/1"}],"replies":[{"embeddable":true,"href":"https:\/\/www.bergfuehrer-wipptal.at\/en\/wp-json\/wp\/v2\/comments?post=19"}],"version-history":[{"count":0,"href":"https:\/\/www.bergfuehrer-wipptal.at\/en\/wp-json\/wp\/v2\/pages\/19\/revisions"}],"wp:featuredmedia":[{"embeddable":true,"href":"https:\/\/www.bergfuehrer-wipptal.at\/en\/wp-json\/wp\/v2\/media\/1647"}],"wp:attachment":[{"href":"https:\/\/www.bergfuehrer-wipptal.at\/en\/wp-json\/wp\/v2\/media?parent=19"}],"curies":[{"name":"wp","href":"https:\/\/api.w.org\/{rel}","templated":true}]}}