{"id":5050,"date":"2025-11-26T22:53:13","date_gmt":"2025-11-26T21:53:13","guid":{"rendered":"https:\/\/www.bergfuehrer-wipptal.at\/?page_id=5050"},"modified":"2025-11-27T00:56:53","modified_gmt":"2025-11-26T23:56:53","slug":"informationen-ueber-die-bedingungen","status":"publish","type":"page","link":"https:\/\/www.bergfuehrer-wipptal.at\/en\/informationen-ueber-die-bedingungen\/","title":{"rendered":"Informationen \u00fcber die Bedingungen"},"content":{"rendered":"<div data-elementor-type=\"wp-page\" data-elementor-id=\"5050\" class=\"elementor elementor-5050\">\n\t\t\t\t<div class=\"elementor-element elementor-element-731d0bf e-flex e-con-boxed e-con e-parent\" data-id=\"731d0bf\" data-element_type=\"container\" data-e-type=\"container\">\n\t\t\t\t\t<div class=\"e-con-inner\">\n\t\t\t\t<div class=\"elementor-element elementor-element-6230a53 elementor-widget elementor-widget-text-editor\" data-id=\"6230a53\" data-element_type=\"widget\" data-e-type=\"widget\" data-widget_type=\"text-editor.default\">\n\t\t\t\t<div class=\"elementor-widget-container\">\n\t\t\t\t\t\t\t\t\t<p>Die Verbreitung von Informationen \u00fcber die Bedingungen in den Wipptaler Bergen ist die Hauptaufgabe von <a href=\"https:\/\/www.bergfuehrer-wipptal.at\/en\/aktuelles\/\"><em>bedingungen.wipptal<\/em><\/a>.<\/p><p>Da sich die Verh\u00e4ltnisse schnell \u00e4ndern, sind selbst aktuelle Meldungen nicht immer ganz auf dem neuesten Stand. Um Ihnen dennoch m\u00f6glichst verl\u00e4ssliche Informationen bieten zu k\u00f6nnen, m\u00fcssen wir diese im Vorfeld sammeln. Deshalb soll es f\u00fcr Sie so einfach wie m\u00f6glich sein, uns R\u00fcckmeldungen zu Ihren Touren zu geben.<\/p><p>Wie? \u00dcber WhatsApp!<\/p><p>Wir nehmen fast alles entgegen: Textnachrichten, Fotos, Videos und Sprachnachrichten.<\/p><p><strong>Was interessiert uns?<\/strong> Die tats\u00e4chlichen Bedingungen vor Ort, die Sie vorgefunden haben, \u00c4nderungen der Route oder der ben\u00f6tigten Ausr\u00fcstung im Vergleich zur Wegbeschreibung, besondere Gefahren sowie Informationen zu H\u00fctten.<\/p><p>Unser Ziel ist es, <strong>zuverl\u00e4ssige, aktuelle und sachliche<\/strong> Informationen bereitzustellen, um Ihnen bei der Vorbereitung Ihrer Ausfl\u00fcge zu helfen. Bitte beachten Sie, dass sich die Bedingungen sehr rasch \u00e4ndern k\u00f6nnen und dass die Wahrnehmung je nach technischem Niveau der Sportler unterschiedlich ausfallen kann.<\/p><p>Die Informationsquellen werden niemals namentlich offengelegt, und Sie werden f\u00fcr nichts haftbar gemacht. Diese Nummer dient ausschlie\u00dflich der Sammlung von Informationen. Aktuelle Meldungen finden Sie auf unserer<span style=\"color: #45b9f2;\"><a style=\"color: #45b9f2;\" href=\"https:\/\/www.bergfuehrer-wipptal.at\/en\/aktuelles\/\"><em> bedingungen.wipptal<\/em><\/a><\/span>-Seite.<\/p>\t\t\t\t\t\t\t\t<\/div>\n\t\t\t\t<\/div>\n\t\t\t\t\t<\/div>\n\t\t\t\t<\/div>\n\t\t<div class=\"elementor-element elementor-element-b6cc408 e-flex e-con-boxed e-con e-parent\" data-id=\"b6cc408\" data-element_type=\"container\" data-e-type=\"container\">\n\t\t\t\t\t<div class=\"e-con-inner\">\n\t\t\t\t<div class=\"elementor-element elementor-element-93a910d elementor-widget elementor-widget-image\" data-id=\"93a910d\" data-element_type=\"widget\" data-e-type=\"widget\" data-widget_type=\"image.default\">\n\t\t\t\t<div class=\"elementor-widget-container\">\n\t\t\t\t\t\t\t\t\t\t\t\t<figure class=\"wp-caption\">\n\t\t\t\t\t\t\t\t\t\t<img decoding=\"async\" src=\"https:\/\/www.bergfuehrer-wipptal.at\/wp-content\/uploads\/elementor\/thumbs\/qr-rfapmiq25fax4oc2stfg0hyq2sxg5s8389xt6e1ihc.png\" title=\"qr\" alt=\"qr\" loading=\"lazy\" \/>\t\t\t\t\t\t\t\t\t\t\t<figcaption class=\"widget-image-caption wp-caption-text\">QR-Code bedingungen.wipptal<\/figcaption>\n\t\t\t\t\t\t\t\t\t\t<\/figure>\n\t\t\t\t\t\t\t\t\t<\/div>\n\t\t\t\t<\/div>\n\t\t\t\t\t<\/div>\n\t\t\t\t<\/div>\n\t\t\t\t<\/div>","protected":false},"excerpt":{"rendered":"<p>Die Verbreitung von Informationen \u00fcber die Bedingungen in den Wipptaler Bergen ist die Hauptaufgabe von bedingungen.wipptal. Da sich die Verh\u00e4ltnisse schnell \u00e4ndern, sind selbst aktuelle Meldungen nicht immer ganz auf dem neuesten Stand. Um Ihnen dennoch m\u00f6glichst verl\u00e4ssliche Informationen bieten zu k\u00f6nnen, m\u00fcssen wir diese im Vorfeld sammeln. Deshalb soll es f\u00fcr Sie so einfach [&hellip;]<\/p>\n","protected":false},"author":1,"featured_media":0,"parent":0,"menu_order":0,"comment_status":"closed","ping_status":"closed","template":"","meta":{"_eb_attr":"","ocean_post_layout":"","ocean_both_sidebars_style":"","ocean_both_sidebars_content_width":0,"ocean_both_sidebars_sidebars_width":0,"ocean_sidebar":"","ocean_second_sidebar":"","ocean_disable_margins":"enable","ocean_add_body_class":"","ocean_shortcode_before_top_bar":"","ocean_shortcode_after_top_bar":"","ocean_shortcode_before_header":"","ocean_shortcode_after_header":"","ocean_has_shortcode":"","ocean_shortcode_after_title":"","ocean_shortcode_before_footer_widgets":"","ocean_shortcode_after_footer_widgets":"","ocean_shortcode_before_footer_bottom":"","ocean_shortcode_after_footer_bottom":"","ocean_display_top_bar":"default","ocean_display_header":"default","ocean_header_style":"","ocean_center_header_left_menu":"","ocean_custom_header_template":"","ocean_custom_logo":0,"ocean_custom_retina_logo":0,"ocean_custom_logo_max_width":0,"ocean_custom_logo_tablet_max_width":0,"ocean_custom_logo_mobile_max_width":0,"ocean_custom_logo_max_height":0,"ocean_custom_logo_tablet_max_height":0,"ocean_custom_logo_mobile_max_height":0,"ocean_header_custom_menu":"","ocean_menu_typo_font_family":"","ocean_menu_typo_font_subset":"","ocean_menu_typo_font_size":0,"ocean_menu_typo_font_size_tablet":0,"ocean_menu_typo_font_size_mobile":0,"ocean_menu_typo_font_size_unit":"px","ocean_menu_typo_font_weight":"","ocean_menu_typo_font_weight_tablet":"","ocean_menu_typo_font_weight_mobile":"","ocean_menu_typo_transform":"","ocean_menu_typo_transform_tablet":"","ocean_menu_typo_transform_mobile":"","ocean_menu_typo_line_height":0,"ocean_menu_typo_line_height_tablet":0,"ocean_menu_typo_line_height_mobile":0,"ocean_menu_typo_line_height_unit":"","ocean_menu_typo_spacing":0,"ocean_menu_typo_spacing_tablet":0,"ocean_menu_typo_spacing_mobile":0,"ocean_menu_typo_spacing_unit":"","ocean_menu_link_color":"","ocean_menu_link_color_hover":"","ocean_menu_link_color_active":"","ocean_menu_link_background":"","ocean_menu_link_hover_background":"","ocean_menu_link_active_background":"","ocean_menu_social_links_bg":"","ocean_menu_social_hover_links_bg":"","ocean_menu_social_links_color":"","ocean_menu_social_hover_links_color":"","ocean_disable_title":"default","ocean_disable_heading":"default","ocean_post_title":"","ocean_post_subheading":"","ocean_post_title_style":"","ocean_post_title_background_color":"","ocean_post_title_background":0,"ocean_post_title_bg_image_position":"","ocean_post_title_bg_image_attachment":"","ocean_post_title_bg_image_repeat":"","ocean_post_title_bg_image_size":"","ocean_post_title_height":0,"ocean_post_title_bg_overlay":0.5,"ocean_post_title_bg_overlay_color":"","ocean_disable_breadcrumbs":"off","ocean_breadcrumbs_color":"","ocean_breadcrumbs_separator_color":"","ocean_breadcrumbs_links_color":"","ocean_breadcrumbs_links_hover_color":"","ocean_display_footer_widgets":"default","ocean_display_footer_bottom":"default","ocean_custom_footer_template":"","footnotes":""},"class_list":["post-5050","page","type-page","status-publish","hentry","entry"],"yoast_head":"<!-- This site is optimized with the Yoast SEO plugin v27.4 - https:\/\/yoast.com\/product\/yoast-seo-wordpress\/ -->\n<title>Informationen \u00fcber die Bedingungen | Bergf\u00fchrer Wipptal<\/title>\n<meta name=\"robots\" content=\"index, follow, max-snippet:-1, max-image-preview:large, max-video-preview:-1\" \/>\n<link rel=\"canonical\" href=\"https:\/\/www.bergfuehrer-wipptal.at\/en\/informationen-ueber-die-bedingungen\/\" \/>\n<meta property=\"og:locale\" content=\"en_GB\" \/>\n<meta property=\"og:type\" content=\"article\" \/>\n<meta property=\"og:title\" content=\"Informationen \u00fcber die Bedingungen | Bergf\u00fchrer Wipptal\" \/>\n<meta property=\"og:description\" content=\"Die Verbreitung von Informationen \u00fcber die Bedingungen in den Wipptaler Bergen ist die Hauptaufgabe von bedingungen.wipptal. Da sich die Verh\u00e4ltnisse schnell \u00e4ndern, sind selbst aktuelle Meldungen nicht immer ganz auf dem neuesten Stand. Um Ihnen dennoch m\u00f6glichst verl\u00e4ssliche Informationen bieten zu k\u00f6nnen, m\u00fcssen wir diese im Vorfeld sammeln. Deshalb soll es f\u00fcr Sie so einfach [&hellip;]\" \/>\n<meta property=\"og:url\" content=\"https:\/\/www.bergfuehrer-wipptal.at\/en\/informationen-ueber-die-bedingungen\/\" \/>\n<meta property=\"og:site_name\" content=\"Bergf\u00fchrer Wipptal\" \/>\n<meta property=\"article:modified_time\" content=\"2025-11-26T23:56:53+00:00\" \/>\n<meta property=\"og:image\" content=\"https:\/\/www.bergfuehrer-wipptal.at\/wp-content\/uploads\/elementor\/thumbs\/qr-rfapmiq25fax4oc2stfg0hyq2sxg5s8389xt6e1ihc.png\" \/>\n<meta name=\"twitter:card\" content=\"summary_large_image\" \/>\n<meta name=\"twitter:label1\" content=\"Estimated reading time\" \/>\n\t<meta name=\"twitter:data1\" content=\"2 minutes\" \/>\n<script type=\"application\/ld+json\" class=\"yoast-schema-graph\">{\"@context\":\"https:\\\/\\\/schema.org\",\"@graph\":[{\"@type\":\"WebPage\",\"@id\":\"https:\\\/\\\/www.bergfuehrer-wipptal.at\\\/informationen-ueber-die-bedingungen\\\/\",\"url\":\"https:\\\/\\\/www.bergfuehrer-wipptal.at\\\/informationen-ueber-die-bedingungen\\\/\",\"name\":\"Informationen \u00fcber die Bedingungen | Bergf\u00fchrer Wipptal\",\"isPartOf\":{\"@id\":\"https:\\\/\\\/www.bergfuehrer-wipptal.at\\\/#website\"},\"primaryImageOfPage\":{\"@id\":\"https:\\\/\\\/www.bergfuehrer-wipptal.at\\\/informationen-ueber-die-bedingungen\\\/#primaryimage\"},\"image\":{\"@id\":\"https:\\\/\\\/www.bergfuehrer-wipptal.at\\\/informationen-ueber-die-bedingungen\\\/#primaryimage\"},\"thumbnailUrl\":\"https:\\\/\\\/www.bergfuehrer-wipptal.at\\\/wp-content\\\/uploads\\\/elementor\\\/thumbs\\\/qr-rfapmiq25fax4oc2stfg0hyq2sxg5s8389xt6e1ihc.png\",\"datePublished\":\"2025-11-26T21:53:13+00:00\",\"dateModified\":\"2025-11-26T23:56:53+00:00\",\"breadcrumb\":{\"@id\":\"https:\\\/\\\/www.bergfuehrer-wipptal.at\\\/informationen-ueber-die-bedingungen\\\/#breadcrumb\"},\"inLanguage\":\"en-GB\",\"potentialAction\":[{\"@type\":\"ReadAction\",\"target\":[\"https:\\\/\\\/www.bergfuehrer-wipptal.at\\\/informationen-ueber-die-bedingungen\\\/\"]}]},{\"@type\":\"ImageObject\",\"inLanguage\":\"en-GB\",\"@id\":\"https:\\\/\\\/www.bergfuehrer-wipptal.at\\\/informationen-ueber-die-bedingungen\\\/#primaryimage\",\"url\":\"https:\\\/\\\/www.bergfuehrer-wipptal.at\\\/wp-content\\\/uploads\\\/elementor\\\/thumbs\\\/qr-rfapmiq25fax4oc2stfg0hyq2sxg5s8389xt6e1ihc.png\",\"contentUrl\":\"https:\\\/\\\/www.bergfuehrer-wipptal.at\\\/wp-content\\\/uploads\\\/elementor\\\/thumbs\\\/qr-rfapmiq25fax4oc2stfg0hyq2sxg5s8389xt6e1ihc.png\"},{\"@type\":\"BreadcrumbList\",\"@id\":\"https:\\\/\\\/www.bergfuehrer-wipptal.at\\\/informationen-ueber-die-bedingungen\\\/#breadcrumb\",\"itemListElement\":[{\"@type\":\"ListItem\",\"position\":1,\"name\":\"Startseite\",\"item\":\"https:\\\/\\\/www.bergfuehrer-wipptal.at\\\/\"},{\"@type\":\"ListItem\",\"position\":2,\"name\":\"Informationen \u00fcber die Bedingungen\"}]},{\"@type\":\"WebSite\",\"@id\":\"https:\\\/\\\/www.bergfuehrer-wipptal.at\\\/#website\",\"url\":\"https:\\\/\\\/www.bergfuehrer-wipptal.at\\\/\",\"name\":\"Bergf\u00fchrer Wipptal\",\"description\":\"\",\"publisher\":{\"@id\":\"https:\\\/\\\/www.bergfuehrer-wipptal.at\\\/#\\\/schema\\\/person\\\/27f52912361429c315ed8d887084792e\"},\"potentialAction\":[{\"@type\":\"SearchAction\",\"target\":{\"@type\":\"EntryPoint\",\"urlTemplate\":\"https:\\\/\\\/www.bergfuehrer-wipptal.at\\\/?s={search_term_string}\"},\"query-input\":{\"@type\":\"PropertyValueSpecification\",\"valueRequired\":true,\"valueName\":\"search_term_string\"}}],\"inLanguage\":\"en-GB\"},{\"@type\":[\"Person\",\"Organization\"],\"@id\":\"https:\\\/\\\/www.bergfuehrer-wipptal.at\\\/#\\\/schema\\\/person\\\/27f52912361429c315ed8d887084792e\",\"name\":\"thomassenfter\",\"image\":{\"@type\":\"ImageObject\",\"inLanguage\":\"en-GB\",\"@id\":\"https:\\\/\\\/www.bergfuehrer-wipptal.at\\\/wp-content\\\/uploads\\\/2020\\\/05\\\/cropped-logo_bergfuehrer-wipptal.png\",\"url\":\"https:\\\/\\\/www.bergfuehrer-wipptal.at\\\/wp-content\\\/uploads\\\/2020\\\/05\\\/cropped-logo_bergfuehrer-wipptal.png\",\"contentUrl\":\"https:\\\/\\\/www.bergfuehrer-wipptal.at\\\/wp-content\\\/uploads\\\/2020\\\/05\\\/cropped-logo_bergfuehrer-wipptal.png\",\"width\":164,\"height\":150,\"caption\":\"thomassenfter\"},\"logo\":{\"@id\":\"https:\\\/\\\/www.bergfuehrer-wipptal.at\\\/wp-content\\\/uploads\\\/2020\\\/05\\\/cropped-logo_bergfuehrer-wipptal.png\"}}]}<\/script>\n<!-- \/ Yoast SEO plugin. -->","yoast_head_json":{"title":"Informationen \u00fcber die Bedingungen | Bergf\u00fchrer Wipptal","robots":{"index":"index","follow":"follow","max-snippet":"max-snippet:-1","max-image-preview":"max-image-preview:large","max-video-preview":"max-video-preview:-1"},"canonical":"https:\/\/www.bergfuehrer-wipptal.at\/en\/informationen-ueber-die-bedingungen\/","og_locale":"en_GB","og_type":"article","og_title":"Informationen \u00fcber die Bedingungen | Bergf\u00fchrer Wipptal","og_description":"Die Verbreitung von Informationen \u00fcber die Bedingungen in den Wipptaler Bergen ist die Hauptaufgabe von bedingungen.wipptal. Da sich die Verh\u00e4ltnisse schnell \u00e4ndern, sind selbst aktuelle Meldungen nicht immer ganz auf dem neuesten Stand. Um Ihnen dennoch m\u00f6glichst verl\u00e4ssliche Informationen bieten zu k\u00f6nnen, m\u00fcssen wir diese im Vorfeld sammeln. Deshalb soll es f\u00fcr Sie so einfach [&hellip;]","og_url":"https:\/\/www.bergfuehrer-wipptal.at\/en\/informationen-ueber-die-bedingungen\/","og_site_name":"Bergf\u00fchrer Wipptal","article_modified_time":"2025-11-26T23:56:53+00:00","og_image":[{"url":"https:\/\/www.bergfuehrer-wipptal.at\/wp-content\/uploads\/elementor\/thumbs\/qr-rfapmiq25fax4oc2stfg0hyq2sxg5s8389xt6e1ihc.png","type":"","width":"","height":""}],"twitter_card":"summary_large_image","twitter_misc":{"Estimated reading time":"2 minutes"},"schema":{"@context":"https:\/\/schema.org","@graph":[{"@type":"WebPage","@id":"https:\/\/www.bergfuehrer-wipptal.at\/informationen-ueber-die-bedingungen\/","url":"https:\/\/www.bergfuehrer-wipptal.at\/informationen-ueber-die-bedingungen\/","name":"Informationen \u00fcber die Bedingungen | Bergf\u00fchrer Wipptal","isPartOf":{"@id":"https:\/\/www.bergfuehrer-wipptal.at\/#website"},"primaryImageOfPage":{"@id":"https:\/\/www.bergfuehrer-wipptal.at\/informationen-ueber-die-bedingungen\/#primaryimage"},"image":{"@id":"https:\/\/www.bergfuehrer-wipptal.at\/informationen-ueber-die-bedingungen\/#primaryimage"},"thumbnailUrl":"https:\/\/www.bergfuehrer-wipptal.at\/wp-content\/uploads\/elementor\/thumbs\/qr-rfapmiq25fax4oc2stfg0hyq2sxg5s8389xt6e1ihc.png","datePublished":"2025-11-26T21:53:13+00:00","dateModified":"2025-11-26T23:56:53+00:00","breadcrumb":{"@id":"https:\/\/www.bergfuehrer-wipptal.at\/informationen-ueber-die-bedingungen\/#breadcrumb"},"inLanguage":"en-GB","potentialAction":[{"@type":"ReadAction","target":["https:\/\/www.bergfuehrer-wipptal.at\/informationen-ueber-die-bedingungen\/"]}]},{"@type":"ImageObject","inLanguage":"en-GB","@id":"https:\/\/www.bergfuehrer-wipptal.at\/informationen-ueber-die-bedingungen\/#primaryimage","url":"https:\/\/www.bergfuehrer-wipptal.at\/wp-content\/uploads\/elementor\/thumbs\/qr-rfapmiq25fax4oc2stfg0hyq2sxg5s8389xt6e1ihc.png","contentUrl":"https:\/\/www.bergfuehrer-wipptal.at\/wp-content\/uploads\/elementor\/thumbs\/qr-rfapmiq25fax4oc2stfg0hyq2sxg5s8389xt6e1ihc.png"},{"@type":"BreadcrumbList","@id":"https:\/\/www.bergfuehrer-wipptal.at\/informationen-ueber-die-bedingungen\/#breadcrumb","itemListElement":[{"@type":"ListItem","position":1,"name":"Startseite","item":"https:\/\/www.bergfuehrer-wipptal.at\/"},{"@type":"ListItem","position":2,"name":"Informationen \u00fcber die Bedingungen"}]},{"@type":"WebSite","@id":"https:\/\/www.bergfuehrer-wipptal.at\/#website","url":"https:\/\/www.bergfuehrer-wipptal.at\/","name":"Bergf\u00fchrer Wipptal","description":"","publisher":{"@id":"https:\/\/www.bergfuehrer-wipptal.at\/#\/schema\/person\/27f52912361429c315ed8d887084792e"},"potentialAction":[{"@type":"SearchAction","target":{"@type":"EntryPoint","urlTemplate":"https:\/\/www.bergfuehrer-wipptal.at\/?s={search_term_string}"},"query-input":{"@type":"PropertyValueSpecification","valueRequired":true,"valueName":"search_term_string"}}],"inLanguage":"en-GB"},{"@type":["Person","Organization"],"@id":"https:\/\/www.bergfuehrer-wipptal.at\/#\/schema\/person\/27f52912361429c315ed8d887084792e","name":"thomassenfter","image":{"@type":"ImageObject","inLanguage":"en-GB","@id":"https:\/\/www.bergfuehrer-wipptal.at\/wp-content\/uploads\/2020\/05\/cropped-logo_bergfuehrer-wipptal.png","url":"https:\/\/www.bergfuehrer-wipptal.at\/wp-content\/uploads\/2020\/05\/cropped-logo_bergfuehrer-wipptal.png","contentUrl":"https:\/\/www.bergfuehrer-wipptal.at\/wp-content\/uploads\/2020\/05\/cropped-logo_bergfuehrer-wipptal.png","width":164,"height":150,"caption":"thomassenfter"},"logo":{"@id":"https:\/\/www.bergfuehrer-wipptal.at\/wp-content\/uploads\/2020\/05\/cropped-logo_bergfuehrer-wipptal.png"}}]}},"_links":{"self":[{"href":"https:\/\/www.bergfuehrer-wipptal.at\/en\/wp-json\/wp\/v2\/pages\/5050","targetHints":{"allow":["GET"]}}],"collection":[{"href":"https:\/\/www.bergfuehrer-wipptal.at\/en\/wp-json\/wp\/v2\/pages"}],"about":[{"href":"https:\/\/www.bergfuehrer-wipptal.at\/en\/wp-json\/wp\/v2\/types\/page"}],"author":[{"embeddable":true,"href":"https:\/\/www.bergfuehrer-wipptal.at\/en\/wp-json\/wp\/v2\/users\/1"}],"replies":[{"embeddable":true,"href":"https:\/\/www.bergfuehrer-wipptal.at\/en\/wp-json\/wp\/v2\/comments?post=5050"}],"version-history":[{"count":34,"href":"https:\/\/www.bergfuehrer-wipptal.at\/en\/wp-json\/wp\/v2\/pages\/5050\/revisions"}],"predecessor-version":[{"id":5110,"href":"https:\/\/www.bergfuehrer-wipptal.at\/en\/wp-json\/wp\/v2\/pages\/5050\/revisions\/5110"}],"wp:attachment":[{"href":"https:\/\/www.bergfuehrer-wipptal.at\/en\/wp-json\/wp\/v2\/media?parent=5050"}],"curies":[{"name":"wp","href":"https:\/\/api.w.org\/{rel}","templated":true}]}}