{"id":585,"date":"2020-04-06T14:38:38","date_gmt":"2020-04-06T12:38:38","guid":{"rendered":"http:\/\/www.bergfuehrer-wipptal.at\/?page_id=585"},"modified":"2026-01-20T19:57:18","modified_gmt":"2026-01-20T18:57:18","slug":"preise-tarife","status":"publish","type":"page","link":"https:\/\/www.bergfuehrer-wipptal.at\/en\/preise-tarife\/","title":{"rendered":"Pricing"},"content":{"rendered":"<div data-elementor-type=\"wp-page\" data-elementor-id=\"585\" class=\"elementor elementor-585\">\n\t\t\t\t\t\t<section class=\"elementor-section elementor-top-section elementor-element elementor-element-26da752 elementor-section-full_width elementor-section-height-default elementor-section-height-default\" data-id=\"26da752\" data-element_type=\"section\" data-e-type=\"section\">\n\t\t\t\t\t\t<div class=\"elementor-container elementor-column-gap-default\">\n\t\t\t\t\t<div class=\"elementor-column elementor-col-100 elementor-top-column elementor-element elementor-element-87d9dfa\" data-id=\"87d9dfa\" data-element_type=\"column\" data-e-type=\"column\">\n\t\t\t<div class=\"elementor-widget-wrap elementor-element-populated\">\n\t\t\t\t\t\t<div class=\"elementor-element elementor-element-cdf66d5 elementor-widget elementor-widget-image\" data-id=\"cdf66d5\" data-element_type=\"widget\" data-e-type=\"widget\" data-widget_type=\"image.default\">\n\t\t\t\t<div class=\"elementor-widget-container\">\n\t\t\t\t\t\t\t\t\t\t\t\t\t\t\t<img fetchpriority=\"high\" decoding=\"async\" width=\"1920\" height=\"275\" src=\"https:\/\/www.bergfuehrer-wipptal.at\/wp-content\/uploads\/2020\/04\/page_top_n.jpg\" class=\"attachment-full size-full wp-image-1312\" alt=\"Bergf\u00fchrer Wipptal Tirol\" srcset=\"https:\/\/www.bergfuehrer-wipptal.at\/wp-content\/uploads\/2020\/04\/page_top_n.jpg 1920w, https:\/\/www.bergfuehrer-wipptal.at\/wp-content\/uploads\/2020\/04\/page_top_n-300x43.jpg 300w, https:\/\/www.bergfuehrer-wipptal.at\/wp-content\/uploads\/2020\/04\/page_top_n-1024x147.jpg 1024w, https:\/\/www.bergfuehrer-wipptal.at\/wp-content\/uploads\/2020\/04\/page_top_n-768x110.jpg 768w, https:\/\/www.bergfuehrer-wipptal.at\/wp-content\/uploads\/2020\/04\/page_top_n-1536x220.jpg 1536w, https:\/\/www.bergfuehrer-wipptal.at\/wp-content\/uploads\/2020\/04\/page_top_n-18x3.jpg 18w, https:\/\/www.bergfuehrer-wipptal.at\/wp-content\/uploads\/2020\/04\/page_top_n-20x3.jpg 20w\" sizes=\"(max-width: 1920px) 100vw, 1920px\" \/>\t\t\t\t\t\t\t\t\t\t\t\t\t\t\t<\/div>\n\t\t\t\t<\/div>\n\t\t\t\t\t<\/div>\n\t\t<\/div>\n\t\t\t\t\t<\/div>\n\t\t<\/section>\n\t\t\t\t<section class=\"elementor-section elementor-top-section elementor-element elementor-element-d963fca elementor-section-boxed elementor-section-height-default elementor-section-height-default\" data-id=\"d963fca\" data-element_type=\"section\" data-e-type=\"section\">\n\t\t\t\t\t\t<div class=\"elementor-container elementor-column-gap-default\">\n\t\t\t\t\t<div class=\"elementor-column elementor-col-100 elementor-top-column elementor-element elementor-element-7211667\" data-id=\"7211667\" data-element_type=\"column\" data-e-type=\"column\">\n\t\t\t<div class=\"elementor-widget-wrap elementor-element-populated\">\n\t\t\t\t\t\t<div class=\"elementor-element elementor-element-dd098e0 elementor-widget elementor-widget-spacer\" data-id=\"dd098e0\" data-element_type=\"widget\" data-e-type=\"widget\" data-widget_type=\"spacer.default\">\n\t\t\t\t<div class=\"elementor-widget-container\">\n\t\t\t\t\t\t\t<div class=\"elementor-spacer\">\n\t\t\t<div class=\"elementor-spacer-inner\"><\/div>\n\t\t<\/div>\n\t\t\t\t\t\t<\/div>\n\t\t\t\t<\/div>\n\t\t\t\t\t<\/div>\n\t\t<\/div>\n\t\t\t\t\t<\/div>\n\t\t<\/section>\n\t\t\t\t<section class=\"elementor-section elementor-top-section elementor-element elementor-element-ae6b4e2 elementor-section-boxed elementor-section-height-default elementor-section-height-default\" data-id=\"ae6b4e2\" data-element_type=\"section\" data-e-type=\"section\">\n\t\t\t\t\t\t<div class=\"elementor-container elementor-column-gap-default\">\n\t\t\t\t\t<div class=\"elementor-column elementor-col-100 elementor-top-column elementor-element elementor-element-e797c1f\" data-id=\"e797c1f\" data-element_type=\"column\" data-e-type=\"column\">\n\t\t\t<div class=\"elementor-widget-wrap elementor-element-populated\">\n\t\t\t\t\t\t<div class=\"elementor-element elementor-element-28347ee elementor-widget elementor-widget-text-editor\" data-id=\"28347ee\" data-element_type=\"widget\" data-e-type=\"widget\" data-widget_type=\"text-editor.default\">\n\t\t\t\t<div class=\"elementor-widget-container\">\n\t\t\t\t\t\t\t\t\t<p class=\"translation-block\">The clients will get an individual offer from the mountain guide who is leading the tour after the initial inquiry and clarification of the details.<\/p><p>The rates are primarily based on the recommendations of the Association of Austrian Mountain and Ski Guides:<\/p><p>Guidelines for tours in the Eastern Alps<br \/><strong> \u00a0\u00a0\u00a0\u00a0 \u21d2 Daily rate: \u20ac 500,- for one person <\/strong>(Stand 2026)<br \/><strong> \u00a0\u00a0\u00a0\u00a0 \u21d2 Half-day rate: \u20ac 370,- for one person <\/strong>(Stand 2026)<\/p><p>General price regulations of the mountain guide association: <a href=\"https:\/\/www.bergfuehrer-wipptal.at\/wp-content\/uploads\/2024\/12\/Tarife_BF_2025-1.pdf\" target=\"_blank\" rel=\"noopener\"><span style=\"text-decoration: underline;\">click here<\/span><\/a><\/p><p>For groups, difficult tours or guided tours in the Western Alps, the daily rate is agreed separately or adjusted to the usual fees in the respective area.<\/p><p>The clients' own expenses (e.g. train, car, toll, cable cars, overnight fees, meals, rental equipment) as well as all expenses of the mountain guide are paid by the clients.<\/p><p>The mountain guide has the mandatory professional liability insurance required by law. Personal insurances of the clients (e.g. liability, accident, rescue costs) are to be taken out by the clients themselves.<\/p><p>The mountain guide who conducts the tour reduces the risk as much as possible. However, the risks in mountain sports can never be 100% excluded. By booking, the client accepts that a certain residual risk exists despite being accompanied by a mountain guide.<\/p>\t\t\t\t\t\t\t\t<\/div>\n\t\t\t\t<\/div>\n\t\t\t\t\t<\/div>\n\t\t<\/div>\n\t\t\t\t\t<\/div>\n\t\t<\/section>\n\t\t\t\t<section class=\"elementor-section elementor-top-section elementor-element elementor-element-1c1f83e elementor-section-boxed elementor-section-height-default elementor-section-height-default\" data-id=\"1c1f83e\" data-element_type=\"section\" data-e-type=\"section\">\n\t\t\t\t\t\t<div class=\"elementor-container elementor-column-gap-default\">\n\t\t\t\t\t<div class=\"elementor-column elementor-col-100 elementor-top-column elementor-element elementor-element-a5474dd\" data-id=\"a5474dd\" data-element_type=\"column\" data-e-type=\"column\">\n\t\t\t<div class=\"elementor-widget-wrap elementor-element-populated\">\n\t\t\t\t\t\t<div class=\"elementor-element elementor-element-85d7091 elementor-widget elementor-widget-spacer\" data-id=\"85d7091\" data-element_type=\"widget\" data-e-type=\"widget\" data-widget_type=\"spacer.default\">\n\t\t\t\t<div class=\"elementor-widget-container\">\n\t\t\t\t\t\t\t<div class=\"elementor-spacer\">\n\t\t\t<div class=\"elementor-spacer-inner\"><\/div>\n\t\t<\/div>\n\t\t\t\t\t\t<\/div>\n\t\t\t\t<\/div>\n\t\t\t\t\t<\/div>\n\t\t<\/div>\n\t\t\t\t\t<\/div>\n\t\t<\/section>\n\t\t\t\t<\/div>","protected":false},"excerpt":{"rendered":"<p>Die G\u00e4ste bekommen nach der Anfrage und gemeinsamer Kl\u00e4rung der Details ein individuelles Angebot von demjenigen Bergf\u00fchrer, der die Tour durchf\u00fchrt. Die Tarife richten sich in erster Linie nach den Empfehlungen des Verbandes der \u00f6sterreichischen Berg- und Skif\u00fchrer: Richtwerte f\u00fcr Touren in den Ostalpen \u00a0\u00a0\u00a0\u00a0 \u21d2 Tagessatz: \u20ac 500,- bei einer Person (Stand 2026) \u00a0\u00a0\u00a0\u00a0 [&hellip;]<\/p>\n","protected":false},"author":1,"featured_media":0,"parent":0,"menu_order":0,"comment_status":"closed","ping_status":"closed","template":"","meta":{"_eb_attr":"","ocean_post_layout":"full-screen","ocean_both_sidebars_style":"","ocean_both_sidebars_content_width":0,"ocean_both_sidebars_sidebars_width":0,"ocean_sidebar":"0","ocean_second_sidebar":"0","ocean_disable_margins":"enable","ocean_add_body_class":"","ocean_shortcode_before_top_bar":"","ocean_shortcode_after_top_bar":"","ocean_shortcode_before_header":"","ocean_shortcode_after_header":"","ocean_has_shortcode":"","ocean_shortcode_after_title":"","ocean_shortcode_before_footer_widgets":"","ocean_shortcode_after_footer_widgets":"","ocean_shortcode_before_footer_bottom":"","ocean_shortcode_after_footer_bottom":"","ocean_display_top_bar":"default","ocean_display_header":"default","ocean_header_style":"","ocean_center_header_left_menu":"0","ocean_custom_header_template":"0","ocean_custom_logo":0,"ocean_custom_retina_logo":0,"ocean_custom_logo_max_width":0,"ocean_custom_logo_tablet_max_width":0,"ocean_custom_logo_mobile_max_width":0,"ocean_custom_logo_max_height":0,"ocean_custom_logo_tablet_max_height":0,"ocean_custom_logo_mobile_max_height":0,"ocean_header_custom_menu":"0","ocean_menu_typo_font_family":"0","ocean_menu_typo_font_subset":"","ocean_menu_typo_font_size":0,"ocean_menu_typo_font_size_tablet":0,"ocean_menu_typo_font_size_mobile":0,"ocean_menu_typo_font_size_unit":"px","ocean_menu_typo_font_weight":"","ocean_menu_typo_font_weight_tablet":"","ocean_menu_typo_font_weight_mobile":"","ocean_menu_typo_transform":"","ocean_menu_typo_transform_tablet":"","ocean_menu_typo_transform_mobile":"","ocean_menu_typo_line_height":0,"ocean_menu_typo_line_height_tablet":0,"ocean_menu_typo_line_height_mobile":0,"ocean_menu_typo_line_height_unit":"","ocean_menu_typo_spacing":0,"ocean_menu_typo_spacing_tablet":0,"ocean_menu_typo_spacing_mobile":0,"ocean_menu_typo_spacing_unit":"","ocean_menu_link_color":"","ocean_menu_link_color_hover":"","ocean_menu_link_color_active":"","ocean_menu_link_background":"","ocean_menu_link_hover_background":"","ocean_menu_link_active_background":"","ocean_menu_social_links_bg":"","ocean_menu_social_hover_links_bg":"","ocean_menu_social_links_color":"","ocean_menu_social_hover_links_color":"","ocean_disable_title":"default","ocean_disable_heading":"default","ocean_post_title":"","ocean_post_subheading":"","ocean_post_title_style":"","ocean_post_title_background_color":"","ocean_post_title_background":0,"ocean_post_title_bg_image_position":"","ocean_post_title_bg_image_attachment":"","ocean_post_title_bg_image_repeat":"","ocean_post_title_bg_image_size":"","ocean_post_title_height":0,"ocean_post_title_bg_overlay":0.5,"ocean_post_title_bg_overlay_color":"","ocean_disable_breadcrumbs":"off","ocean_breadcrumbs_color":"","ocean_breadcrumbs_separator_color":"","ocean_breadcrumbs_links_color":"","ocean_breadcrumbs_links_hover_color":"","ocean_display_footer_widgets":"default","ocean_display_footer_bottom":"default","ocean_custom_footer_template":"0","footnotes":""},"class_list":["post-585","page","type-page","status-publish","hentry","entry"],"yoast_head":"<!-- This site is optimized with the Yoast SEO plugin v27.5 - https:\/\/yoast.com\/product\/yoast-seo-wordpress\/ -->\n<title>Preise | Bergf\u00fchrer Wipptal<\/title>\n<meta name=\"description\" content=\"Die Tarife richten sich in erster Linie nach den Empfehlungen des Verbandes der \u00f6sterreichischen Berg- und Skif\u00fchrer.\" \/>\n<meta name=\"robots\" content=\"index, follow, max-snippet:-1, max-image-preview:large, max-video-preview:-1\" \/>\n<link rel=\"canonical\" href=\"https:\/\/www.bergfuehrer-wipptal.at\/en\/preise-tarife\/\" \/>\n<meta property=\"og:locale\" content=\"en_GB\" \/>\n<meta property=\"og:type\" content=\"article\" \/>\n<meta property=\"og:title\" content=\"Preise | Bergf\u00fchrer Wipptal\" \/>\n<meta property=\"og:description\" content=\"Die Tarife richten sich in erster Linie nach den Empfehlungen des Verbandes der \u00f6sterreichischen Berg- und Skif\u00fchrer.\" \/>\n<meta property=\"og:url\" content=\"https:\/\/www.bergfuehrer-wipptal.at\/en\/preise-tarife\/\" \/>\n<meta property=\"og:site_name\" content=\"Bergf\u00fchrer Wipptal\" \/>\n<meta property=\"article:modified_time\" content=\"2026-01-20T18:57:18+00:00\" \/>\n<meta property=\"og:image\" content=\"https:\/\/www.bergfuehrer-wipptal.at\/wp-content\/uploads\/2020\/04\/page_top_n.jpg\" \/>\n\t<meta property=\"og:image:width\" content=\"1920\" \/>\n\t<meta property=\"og:image:height\" content=\"275\" \/>\n\t<meta property=\"og:image:type\" content=\"image\/jpeg\" \/>\n<meta name=\"twitter:card\" content=\"summary_large_image\" \/>\n<meta name=\"twitter:label1\" content=\"Estimated reading time\" \/>\n\t<meta name=\"twitter:data1\" content=\"2 minutes\" \/>\n<script type=\"application\/ld+json\" class=\"yoast-schema-graph\">{\"@context\":\"https:\\\/\\\/schema.org\",\"@graph\":[{\"@type\":\"WebPage\",\"@id\":\"https:\\\/\\\/www.bergfuehrer-wipptal.at\\\/preise-tarife\\\/\",\"url\":\"https:\\\/\\\/www.bergfuehrer-wipptal.at\\\/preise-tarife\\\/\",\"name\":\"Preise | Bergf\u00fchrer Wipptal\",\"isPartOf\":{\"@id\":\"https:\\\/\\\/www.bergfuehrer-wipptal.at\\\/#website\"},\"primaryImageOfPage\":{\"@id\":\"https:\\\/\\\/www.bergfuehrer-wipptal.at\\\/preise-tarife\\\/#primaryimage\"},\"image\":{\"@id\":\"https:\\\/\\\/www.bergfuehrer-wipptal.at\\\/preise-tarife\\\/#primaryimage\"},\"thumbnailUrl\":\"https:\\\/\\\/www.bergfuehrer-wipptal.at\\\/wp-content\\\/uploads\\\/2020\\\/04\\\/page_top_n.jpg\",\"datePublished\":\"2020-04-06T12:38:38+00:00\",\"dateModified\":\"2026-01-20T18:57:18+00:00\",\"description\":\"Die Tarife richten sich in erster Linie nach den Empfehlungen des Verbandes der \u00f6sterreichischen Berg- und Skif\u00fchrer.\",\"breadcrumb\":{\"@id\":\"https:\\\/\\\/www.bergfuehrer-wipptal.at\\\/preise-tarife\\\/#breadcrumb\"},\"inLanguage\":\"en-GB\",\"potentialAction\":[{\"@type\":\"ReadAction\",\"target\":[\"https:\\\/\\\/www.bergfuehrer-wipptal.at\\\/preise-tarife\\\/\"]}]},{\"@type\":\"ImageObject\",\"inLanguage\":\"en-GB\",\"@id\":\"https:\\\/\\\/www.bergfuehrer-wipptal.at\\\/preise-tarife\\\/#primaryimage\",\"url\":\"https:\\\/\\\/www.bergfuehrer-wipptal.at\\\/wp-content\\\/uploads\\\/2020\\\/04\\\/page_top_n.jpg\",\"contentUrl\":\"https:\\\/\\\/www.bergfuehrer-wipptal.at\\\/wp-content\\\/uploads\\\/2020\\\/04\\\/page_top_n.jpg\"},{\"@type\":\"BreadcrumbList\",\"@id\":\"https:\\\/\\\/www.bergfuehrer-wipptal.at\\\/preise-tarife\\\/#breadcrumb\",\"itemListElement\":[{\"@type\":\"ListItem\",\"position\":1,\"name\":\"Startseite\",\"item\":\"https:\\\/\\\/www.bergfuehrer-wipptal.at\\\/\"},{\"@type\":\"ListItem\",\"position\":2,\"name\":\"Preise\"}]},{\"@type\":\"WebSite\",\"@id\":\"https:\\\/\\\/www.bergfuehrer-wipptal.at\\\/#website\",\"url\":\"https:\\\/\\\/www.bergfuehrer-wipptal.at\\\/\",\"name\":\"Bergf\u00fchrer Wipptal\",\"description\":\"\",\"publisher\":{\"@id\":\"https:\\\/\\\/www.bergfuehrer-wipptal.at\\\/#\\\/schema\\\/person\\\/27f52912361429c315ed8d887084792e\"},\"potentialAction\":[{\"@type\":\"SearchAction\",\"target\":{\"@type\":\"EntryPoint\",\"urlTemplate\":\"https:\\\/\\\/www.bergfuehrer-wipptal.at\\\/?s={search_term_string}\"},\"query-input\":{\"@type\":\"PropertyValueSpecification\",\"valueRequired\":true,\"valueName\":\"search_term_string\"}}],\"inLanguage\":\"en-GB\"},{\"@type\":[\"Person\",\"Organization\"],\"@id\":\"https:\\\/\\\/www.bergfuehrer-wipptal.at\\\/#\\\/schema\\\/person\\\/27f52912361429c315ed8d887084792e\",\"name\":\"thomassenfter\",\"image\":{\"@type\":\"ImageObject\",\"inLanguage\":\"en-GB\",\"@id\":\"https:\\\/\\\/www.bergfuehrer-wipptal.at\\\/wp-content\\\/uploads\\\/2020\\\/05\\\/cropped-logo_bergfuehrer-wipptal.png\",\"url\":\"https:\\\/\\\/www.bergfuehrer-wipptal.at\\\/wp-content\\\/uploads\\\/2020\\\/05\\\/cropped-logo_bergfuehrer-wipptal.png\",\"contentUrl\":\"https:\\\/\\\/www.bergfuehrer-wipptal.at\\\/wp-content\\\/uploads\\\/2020\\\/05\\\/cropped-logo_bergfuehrer-wipptal.png\",\"width\":164,\"height\":150,\"caption\":\"thomassenfter\"},\"logo\":{\"@id\":\"https:\\\/\\\/www.bergfuehrer-wipptal.at\\\/wp-content\\\/uploads\\\/2020\\\/05\\\/cropped-logo_bergfuehrer-wipptal.png\"}}]}<\/script>\n<!-- \/ Yoast SEO plugin. -->","yoast_head_json":{"title":"Preise | Bergf\u00fchrer Wipptal","description":"Die Tarife richten sich in erster Linie nach den Empfehlungen des Verbandes der \u00f6sterreichischen Berg- und Skif\u00fchrer.","robots":{"index":"index","follow":"follow","max-snippet":"max-snippet:-1","max-image-preview":"max-image-preview:large","max-video-preview":"max-video-preview:-1"},"canonical":"https:\/\/www.bergfuehrer-wipptal.at\/en\/preise-tarife\/","og_locale":"en_GB","og_type":"article","og_title":"Preise | Bergf\u00fchrer Wipptal","og_description":"Die Tarife richten sich in erster Linie nach den Empfehlungen des Verbandes der \u00f6sterreichischen Berg- und Skif\u00fchrer.","og_url":"https:\/\/www.bergfuehrer-wipptal.at\/en\/preise-tarife\/","og_site_name":"Bergf\u00fchrer Wipptal","article_modified_time":"2026-01-20T18:57:18+00:00","og_image":[{"width":1920,"height":275,"url":"https:\/\/www.bergfuehrer-wipptal.at\/wp-content\/uploads\/2020\/04\/page_top_n.jpg","type":"image\/jpeg"}],"twitter_card":"summary_large_image","twitter_misc":{"Estimated reading time":"2 minutes"},"schema":{"@context":"https:\/\/schema.org","@graph":[{"@type":"WebPage","@id":"https:\/\/www.bergfuehrer-wipptal.at\/preise-tarife\/","url":"https:\/\/www.bergfuehrer-wipptal.at\/preise-tarife\/","name":"Preise | Bergf\u00fchrer Wipptal","isPartOf":{"@id":"https:\/\/www.bergfuehrer-wipptal.at\/#website"},"primaryImageOfPage":{"@id":"https:\/\/www.bergfuehrer-wipptal.at\/preise-tarife\/#primaryimage"},"image":{"@id":"https:\/\/www.bergfuehrer-wipptal.at\/preise-tarife\/#primaryimage"},"thumbnailUrl":"https:\/\/www.bergfuehrer-wipptal.at\/wp-content\/uploads\/2020\/04\/page_top_n.jpg","datePublished":"2020-04-06T12:38:38+00:00","dateModified":"2026-01-20T18:57:18+00:00","description":"Die Tarife richten sich in erster Linie nach den Empfehlungen des Verbandes der \u00f6sterreichischen Berg- und Skif\u00fchrer.","breadcrumb":{"@id":"https:\/\/www.bergfuehrer-wipptal.at\/preise-tarife\/#breadcrumb"},"inLanguage":"en-GB","potentialAction":[{"@type":"ReadAction","target":["https:\/\/www.bergfuehrer-wipptal.at\/preise-tarife\/"]}]},{"@type":"ImageObject","inLanguage":"en-GB","@id":"https:\/\/www.bergfuehrer-wipptal.at\/preise-tarife\/#primaryimage","url":"https:\/\/www.bergfuehrer-wipptal.at\/wp-content\/uploads\/2020\/04\/page_top_n.jpg","contentUrl":"https:\/\/www.bergfuehrer-wipptal.at\/wp-content\/uploads\/2020\/04\/page_top_n.jpg"},{"@type":"BreadcrumbList","@id":"https:\/\/www.bergfuehrer-wipptal.at\/preise-tarife\/#breadcrumb","itemListElement":[{"@type":"ListItem","position":1,"name":"Startseite","item":"https:\/\/www.bergfuehrer-wipptal.at\/"},{"@type":"ListItem","position":2,"name":"Preise"}]},{"@type":"WebSite","@id":"https:\/\/www.bergfuehrer-wipptal.at\/#website","url":"https:\/\/www.bergfuehrer-wipptal.at\/","name":"Bergf\u00fchrer Wipptal","description":"","publisher":{"@id":"https:\/\/www.bergfuehrer-wipptal.at\/#\/schema\/person\/27f52912361429c315ed8d887084792e"},"potentialAction":[{"@type":"SearchAction","target":{"@type":"EntryPoint","urlTemplate":"https:\/\/www.bergfuehrer-wipptal.at\/?s={search_term_string}"},"query-input":{"@type":"PropertyValueSpecification","valueRequired":true,"valueName":"search_term_string"}}],"inLanguage":"en-GB"},{"@type":["Person","Organization"],"@id":"https:\/\/www.bergfuehrer-wipptal.at\/#\/schema\/person\/27f52912361429c315ed8d887084792e","name":"thomassenfter","image":{"@type":"ImageObject","inLanguage":"en-GB","@id":"https:\/\/www.bergfuehrer-wipptal.at\/wp-content\/uploads\/2020\/05\/cropped-logo_bergfuehrer-wipptal.png","url":"https:\/\/www.bergfuehrer-wipptal.at\/wp-content\/uploads\/2020\/05\/cropped-logo_bergfuehrer-wipptal.png","contentUrl":"https:\/\/www.bergfuehrer-wipptal.at\/wp-content\/uploads\/2020\/05\/cropped-logo_bergfuehrer-wipptal.png","width":164,"height":150,"caption":"thomassenfter"},"logo":{"@id":"https:\/\/www.bergfuehrer-wipptal.at\/wp-content\/uploads\/2020\/05\/cropped-logo_bergfuehrer-wipptal.png"}}]}},"_links":{"self":[{"href":"https:\/\/www.bergfuehrer-wipptal.at\/en\/wp-json\/wp\/v2\/pages\/585","targetHints":{"allow":["GET"]}}],"collection":[{"href":"https:\/\/www.bergfuehrer-wipptal.at\/en\/wp-json\/wp\/v2\/pages"}],"about":[{"href":"https:\/\/www.bergfuehrer-wipptal.at\/en\/wp-json\/wp\/v2\/types\/page"}],"author":[{"embeddable":true,"href":"https:\/\/www.bergfuehrer-wipptal.at\/en\/wp-json\/wp\/v2\/users\/1"}],"replies":[{"embeddable":true,"href":"https:\/\/www.bergfuehrer-wipptal.at\/en\/wp-json\/wp\/v2\/comments?post=585"}],"version-history":[{"count":21,"href":"https:\/\/www.bergfuehrer-wipptal.at\/en\/wp-json\/wp\/v2\/pages\/585\/revisions"}],"predecessor-version":[{"id":5747,"href":"https:\/\/www.bergfuehrer-wipptal.at\/en\/wp-json\/wp\/v2\/pages\/585\/revisions\/5747"}],"wp:attachment":[{"href":"https:\/\/www.bergfuehrer-wipptal.at\/en\/wp-json\/wp\/v2\/media?parent=585"}],"curies":[{"name":"wp","href":"https:\/\/api.w.org\/{rel}","templated":true}]}}